{"id":77,"date":"2023-07-06T09:02:42","date_gmt":"2023-07-06T09:02:42","guid":{"rendered":"https:\/\/luxspawellness.net\/?page_id=77"},"modified":"2023-07-24T19:17:54","modified_gmt":"2023-07-24T19:17:54","slug":"iletisim-ve-adress","status":"publish","type":"page","link":"https:\/\/luxspawellness.org\/?page_id=77","title":{"rendered":"\u0130leti\u015fim ve Adress"},"content":{"rendered":"\n<h2 class=\"wp-block-heading alignwide\" id=\"we-re-a-studio-in-berlin-with-an-international-practice-in-architecture-urban-planning-and-interior-design-we-believe-in-sharing-knowledge-and-promoting-dialogue-to-increase-the-creative-potential-of-collaboration\" style=\"font-size:48px;line-height:1.1\">Lux Hamam Spa &amp; Wellnes!<\/h2>\n\n\n\n<hr class=\"wp-block-separator has-alpha-channel-opacity\"\/>\n\n\n\n<p>Hamam Spa ve wellness merkezimiz T\u00fcrkiye,Antalya,Kemer b\u00f6lgesinde bulunmaktad\u0131r<br>2019 tarihinden itibaren Lux Hamam Spa &amp; Wellness ad\u0131yla hizmet etmekteyiz daha \u00f6ncesinde farkl\u0131 isimlerle bu sekt\u00f6rde yine g\u00f6rev yap\u0131yorduk,\u00dcst\u00fcn profosyonel bir ekibe sahibiz ve sizlere en iyi \u015fekilde hizmet etmek i\u00e7in gayret ediyoruz.<br>Tesisimizde bir ka\u00e7 tane oda bulunmaktad\u0131r : Sauna,Tuz Odas\u0131,Buhar Odas\u0131,Jakuzi,Relax Odas\u0131 ve masaj odalar\u0131.Ama en \u00e7ok \u00f6v\u00fcnd\u00fc\u011f\u00fcm\u00fcz ve g\u00fcvendi\u011fimiz hizmetimiz Masajlar\u0131m\u0131zd\u0131r farkl\u0131 t\u00fcrlerde masajlar yapmaktay\u0131z fakat en \u00e7ok ter\u00e7h edilen medikal masajlar\u0131m\u0131zd\u0131r.Hepinizi tesisimize bekleriz.<\/p>\n\n\n\n<figure class=\"wp-block-image size-full\"><img fetchpriority=\"high\" decoding=\"async\" width=\"745\" height=\"305\" src=\"https:\/\/luxspawellness.net\/wp-content\/uploads\/2023\/07\/logosari-1.png\" alt=\"\" class=\"wp-image-243\" srcset=\"https:\/\/luxspawellness.org\/wp-content\/uploads\/2023\/07\/logosari-1.png 745w, https:\/\/luxspawellness.org\/wp-content\/uploads\/2023\/07\/logosari-1-300x123.png 300w\" sizes=\"(max-width: 745px) 100vw, 745px\" \/><\/figure>\n\n\n\n<p>Telefon Numaram\u0131z : +90 553 343 48 02<\/p>\n\n\n\n<p>E posta : info@luxspawelleness.net<\/p>\n\n\n\n<p>Adres : Yeni mahalle,Atat\u00fcrk bulvar\u0131 NO:49 Kemer \/Antalya T\u00fcrkiye<\/p>\n\n\n\n<hr class=\"wp-block-separator has-alpha-channel-opacity\"\/>\n\n\n\n<p><strong>Unutulmaz bir deneyim i\u00e7in Lux Hamam Spa &amp; Wellness merkezimize hepinizi bekliyoruz. Size en kaliteli hizmeti sunabilmek i\u00e7in buraday\u0131z ve t\u00fcm ekibimizle sizleri a\u011f\u0131rlamaktan mutluluk duyaca\u011f\u0131z.<\/strong><\/p>\n\n\n\n<p>Bizleri <a href=\"https:\/\/www.instagram.com\/luxspa.wellness\/\" target=\"_blank\" rel=\"noreferrer noopener\">\u0130nsatgarm<\/a> ve <a href=\"https:\/\/www.facebook.com\/luxspawellnes\/\" target=\"_blank\" rel=\"noreferrer noopener\">Facebook <\/a>\u00fczerinden takip etmeyi unutmay\u0131n <\/p>\n\n\n\n<div class=\"wp-block-group alignfull has-text-color has-background\" style=\"color:#000000;background-color:#ffffff\"><div class=\"wp-block-group__inner-container is-layout-flow wp-block-group-is-layout-flow\">\n<div style=\"height:64px\" aria-hidden=\"true\" class=\"wp-block-spacer\"><\/div>\n\n\n\n<p class=\"has-text-align-center has-small-font-size\" style=\"line-height:.9\"><strong>Rezervasyon ve daha detayl\u0131 bilgiler i\u00e7in<\/strong><\/p>\n\n\n\n<div class=\"wp-block-buttons is-horizontal is-content-justification-center is-layout-flex wp-container-core-buttons-is-layout-499968f5 wp-block-buttons-is-layout-flex\">\n<div class=\"wp-block-button has-custom-width wp-block-button__width-50\"><a class=\"wp-block-button__link has-text-color has-background wp-element-button\" href=\"https:\/\/wa.me\/905545398168\" style=\"border-radius:50px;color:#ffffff;background-color:#000000\" target=\"_blank\" rel=\"noreferrer noopener\">Bize ula\u015f\u0131n<\/a><\/div>\n<\/div>\n\n\n\n<div style=\"height:64px\" aria-hidden=\"true\" class=\"wp-block-spacer\"><\/div>\n<\/div><\/div>\n\n\n\n<p><\/p>\n\n\n<p><iframe src=\"https:\/\/www.google.com\/maps\/embed?pb=!1m18!1m12!1m3!1d51242.87425564446!2d30.48134434863281!3d36.610024!2m3!1f0!2f0!3f0!3m2!1i1024!2i768!4f13.1!3m3!1m2!1s0x14c3b76838c4b6f3%3A0x2905e929273faf04!2sLux%20Hamam%20Spa%20%26%20Wellness!5e0!3m2!1str!2str!4v1688768717977!5m2!1str!2str\" width=\"600\" height=\"450\" style=\"border:0;\" allowfullscreen=\"\" loading=\"lazy\" referrerpolicy=\"no-referrer-when-downgrade\"><\/iframe><\/p>\n","protected":false},"excerpt":{"rendered":"<p>Lux Hamam Spa &amp; Wellnes! Hamam Spa ve wellness merkezimiz T\u00fcrkiye,Antalya,Kemer b\u00f6lgesinde bulunmaktad\u0131r2019 tarihinden itibaren Lux Hamam Spa &amp; Wellness ad\u0131yla hizmet etmekteyiz daha \u00f6ncesinde farkl\u0131 isimlerle bu sekt\u00f6rde yine g\u00f6rev yap\u0131yorduk,\u00dcst\u00fcn profosyonel bir ekibe sahibiz ve sizlere en iyi \u015fekilde hizmet etmek i\u00e7in gayret ediyoruz.Tesisimizde bir ka\u00e7 tane oda bulunmaktad\u0131r : Sauna,Tuz Odas\u0131,Buhar Odas\u0131,Jakuzi,Relax [&hellip;]<\/p>\n","protected":false},"author":1,"featured_media":0,"parent":0,"menu_order":0,"comment_status":"closed","ping_status":"closed","template":"","meta":{"_monsterinsights_skip_tracking":false,"_monsterinsights_sitenote_active":false,"_monsterinsights_sitenote_note":"","_monsterinsights_sitenote_category":0,"footnotes":""},"class_list":["post-77","page","type-page","status-publish","hentry"],"yoast_head":"<!-- This site is optimized with the Yoast SEO plugin v24.6 - https:\/\/yoast.com\/wordpress\/plugins\/seo\/ -->\n<title>\u0130leti\u015fim ve Adress - Lux Hamam Spa &amp; Wellness<\/title>\n<meta name=\"description\" content=\"Jakuzi, g\u00fc\u00e7l\u00fc su jetleri ve hava kabarc\u0131klar\u0131 ile v\u00fccuda masaj yaparak rahatlama ve stres azaltma sa\u011flayan etkili bir hidroterapi y\u00f6ntemidir. Kas gerginliklerini hafifletme, dola\u015f\u0131m\u0131 iyile\u015ftirme ve uyku kalitesini art\u0131rma gibi \u00e7e\u015fitli faydalar\u0131 vard\u0131r. Spa ve wellness deneyimi arayanlar i\u00e7in harika bir se\u00e7enektir.\" \/>\n<meta name=\"robots\" content=\"index, follow, max-snippet:-1, max-image-preview:large, max-video-preview:-1\" \/>\n<link rel=\"canonical\" href=\"http:\/\/luxspawellness.org\/?page_id=77\" \/>\n<meta property=\"og:locale\" content=\"tr_TR\" \/>\n<meta property=\"og:type\" content=\"article\" \/>\n<meta property=\"og:title\" content=\"\u0130leti\u015fim ve Adress - Lux Hamam Spa &amp; Wellness\" \/>\n<meta property=\"og:description\" content=\"Jakuzi, g\u00fc\u00e7l\u00fc su jetleri ve hava kabarc\u0131klar\u0131 ile v\u00fccuda masaj yaparak rahatlama ve stres azaltma sa\u011flayan etkili bir hidroterapi y\u00f6ntemidir. Kas gerginliklerini hafifletme, dola\u015f\u0131m\u0131 iyile\u015ftirme ve uyku kalitesini art\u0131rma gibi \u00e7e\u015fitli faydalar\u0131 vard\u0131r. Spa ve wellness deneyimi arayanlar i\u00e7in harika bir se\u00e7enektir.\" \/>\n<meta property=\"og:url\" content=\"http:\/\/luxspawellness.org\/?page_id=77\" \/>\n<meta property=\"og:site_name\" content=\"Lux Hamam Spa &amp; Wellness\" \/>\n<meta property=\"article:publisher\" content=\"https:\/\/www.facebook.com\/luxspawellnes\/\" \/>\n<meta property=\"article:modified_time\" content=\"2023-07-24T19:17:54+00:00\" \/>\n<meta property=\"og:image\" content=\"https:\/\/luxspawellness.net\/wp-content\/uploads\/2023\/07\/logosari-1.png\" \/>\n<meta name=\"twitter:card\" content=\"summary_large_image\" \/>\n<meta name=\"twitter:label1\" content=\"Tahmini okuma s\u00fcresi\" \/>\n\t<meta name=\"twitter:data1\" content=\"2 dakika\" \/>\n<script type=\"application\/ld+json\" class=\"yoast-schema-graph\">{\"@context\":\"https:\/\/schema.org\",\"@graph\":[{\"@type\":\"WebPage\",\"@id\":\"http:\/\/luxspawellness.org\/?page_id=77\",\"url\":\"http:\/\/luxspawellness.org\/?page_id=77\",\"name\":\"\u0130leti\u015fim ve Adress - Lux Hamam Spa &amp; Wellness\",\"isPartOf\":{\"@id\":\"https:\/\/luxspawellness.org\/#website\"},\"primaryImageOfPage\":{\"@id\":\"http:\/\/luxspawellness.org\/?page_id=77#primaryimage\"},\"image\":{\"@id\":\"http:\/\/luxspawellness.org\/?page_id=77#primaryimage\"},\"thumbnailUrl\":\"https:\/\/luxspawellness.net\/wp-content\/uploads\/2023\/07\/logosari-1.png\",\"datePublished\":\"2023-07-06T09:02:42+00:00\",\"dateModified\":\"2023-07-24T19:17:54+00:00\",\"description\":\"Jakuzi, g\u00fc\u00e7l\u00fc su jetleri ve hava kabarc\u0131klar\u0131 ile v\u00fccuda masaj yaparak rahatlama ve stres azaltma sa\u011flayan etkili bir hidroterapi y\u00f6ntemidir. Kas gerginliklerini hafifletme, dola\u015f\u0131m\u0131 iyile\u015ftirme ve uyku kalitesini art\u0131rma gibi \u00e7e\u015fitli faydalar\u0131 vard\u0131r. Spa ve wellness deneyimi arayanlar i\u00e7in harika bir se\u00e7enektir.\",\"breadcrumb\":{\"@id\":\"http:\/\/luxspawellness.org\/?page_id=77#breadcrumb\"},\"inLanguage\":\"tr\",\"potentialAction\":[{\"@type\":\"ReadAction\",\"target\":[\"http:\/\/luxspawellness.org\/?page_id=77\"]}]},{\"@type\":\"ImageObject\",\"inLanguage\":\"tr\",\"@id\":\"http:\/\/luxspawellness.org\/?page_id=77#primaryimage\",\"url\":\"https:\/\/luxspawellness.net\/wp-content\/uploads\/2023\/07\/logosari-1.png\",\"contentUrl\":\"https:\/\/luxspawellness.net\/wp-content\/uploads\/2023\/07\/logosari-1.png\"},{\"@type\":\"BreadcrumbList\",\"@id\":\"http:\/\/luxspawellness.org\/?page_id=77#breadcrumb\",\"itemListElement\":[{\"@type\":\"ListItem\",\"position\":1,\"name\":\"Anasayfa\",\"item\":\"https:\/\/luxspawellness.org\/\"},{\"@type\":\"ListItem\",\"position\":2,\"name\":\"\u0130leti\u015fim ve Adress\"}]},{\"@type\":\"WebSite\",\"@id\":\"https:\/\/luxspawellness.org\/#website\",\"url\":\"https:\/\/luxspawellness.org\/\",\"name\":\"Lux Hamam Spa &amp; Wellness\",\"description\":\"\",\"publisher\":{\"@id\":\"https:\/\/luxspawellness.org\/#organization\"},\"alternateName\":\"Lux Hamam Spa & Wellness\",\"potentialAction\":[{\"@type\":\"SearchAction\",\"target\":{\"@type\":\"EntryPoint\",\"urlTemplate\":\"https:\/\/luxspawellness.org\/?s={search_term_string}\"},\"query-input\":{\"@type\":\"PropertyValueSpecification\",\"valueRequired\":true,\"valueName\":\"search_term_string\"}}],\"inLanguage\":\"tr\"},{\"@type\":\"Organization\",\"@id\":\"https:\/\/luxspawellness.org\/#organization\",\"name\":\"Lux Hamam Spa &amp; Wellness\",\"url\":\"https:\/\/luxspawellness.org\/\",\"logo\":{\"@type\":\"ImageObject\",\"inLanguage\":\"tr\",\"@id\":\"https:\/\/luxspawellness.org\/#\/schema\/logo\/image\/\",\"url\":\"https:\/\/luxspawellness.org\/wp-content\/uploads\/2023\/07\/logosari.png\",\"contentUrl\":\"https:\/\/luxspawellness.org\/wp-content\/uploads\/2023\/07\/logosari.png\",\"width\":745,\"height\":305,\"caption\":\"Lux Hamam Spa &amp; Wellness\"},\"image\":{\"@id\":\"https:\/\/luxspawellness.org\/#\/schema\/logo\/image\/\"},\"sameAs\":[\"https:\/\/www.facebook.com\/luxspawellnes\/\",\"https:\/\/www.instagram.com\/luxspa.wellness\/\"]}]}<\/script>\n<!-- \/ Yoast SEO plugin. -->","yoast_head_json":{"title":"\u0130leti\u015fim ve Adress - Lux Hamam Spa &amp; Wellness","description":"Jakuzi, g\u00fc\u00e7l\u00fc su jetleri ve hava kabarc\u0131klar\u0131 ile v\u00fccuda masaj yaparak rahatlama ve stres azaltma sa\u011flayan etkili bir hidroterapi y\u00f6ntemidir. Kas gerginliklerini hafifletme, dola\u015f\u0131m\u0131 iyile\u015ftirme ve uyku kalitesini art\u0131rma gibi \u00e7e\u015fitli faydalar\u0131 vard\u0131r. Spa ve wellness deneyimi arayanlar i\u00e7in harika bir se\u00e7enektir.","robots":{"index":"index","follow":"follow","max-snippet":"max-snippet:-1","max-image-preview":"max-image-preview:large","max-video-preview":"max-video-preview:-1"},"canonical":"http:\/\/luxspawellness.org\/?page_id=77","og_locale":"tr_TR","og_type":"article","og_title":"\u0130leti\u015fim ve Adress - Lux Hamam Spa &amp; Wellness","og_description":"Jakuzi, g\u00fc\u00e7l\u00fc su jetleri ve hava kabarc\u0131klar\u0131 ile v\u00fccuda masaj yaparak rahatlama ve stres azaltma sa\u011flayan etkili bir hidroterapi y\u00f6ntemidir. Kas gerginliklerini hafifletme, dola\u015f\u0131m\u0131 iyile\u015ftirme ve uyku kalitesini art\u0131rma gibi \u00e7e\u015fitli faydalar\u0131 vard\u0131r. Spa ve wellness deneyimi arayanlar i\u00e7in harika bir se\u00e7enektir.","og_url":"http:\/\/luxspawellness.org\/?page_id=77","og_site_name":"Lux Hamam Spa &amp; Wellness","article_publisher":"https:\/\/www.facebook.com\/luxspawellnes\/","article_modified_time":"2023-07-24T19:17:54+00:00","og_image":[{"url":"https:\/\/luxspawellness.net\/wp-content\/uploads\/2023\/07\/logosari-1.png","type":"","width":"","height":""}],"twitter_card":"summary_large_image","twitter_misc":{"Tahmini okuma s\u00fcresi":"2 dakika"},"schema":{"@context":"https:\/\/schema.org","@graph":[{"@type":"WebPage","@id":"http:\/\/luxspawellness.org\/?page_id=77","url":"http:\/\/luxspawellness.org\/?page_id=77","name":"\u0130leti\u015fim ve Adress - Lux Hamam Spa &amp; Wellness","isPartOf":{"@id":"https:\/\/luxspawellness.org\/#website"},"primaryImageOfPage":{"@id":"http:\/\/luxspawellness.org\/?page_id=77#primaryimage"},"image":{"@id":"http:\/\/luxspawellness.org\/?page_id=77#primaryimage"},"thumbnailUrl":"https:\/\/luxspawellness.net\/wp-content\/uploads\/2023\/07\/logosari-1.png","datePublished":"2023-07-06T09:02:42+00:00","dateModified":"2023-07-24T19:17:54+00:00","description":"Jakuzi, g\u00fc\u00e7l\u00fc su jetleri ve hava kabarc\u0131klar\u0131 ile v\u00fccuda masaj yaparak rahatlama ve stres azaltma sa\u011flayan etkili bir hidroterapi y\u00f6ntemidir. Kas gerginliklerini hafifletme, dola\u015f\u0131m\u0131 iyile\u015ftirme ve uyku kalitesini art\u0131rma gibi \u00e7e\u015fitli faydalar\u0131 vard\u0131r. Spa ve wellness deneyimi arayanlar i\u00e7in harika bir se\u00e7enektir.","breadcrumb":{"@id":"http:\/\/luxspawellness.org\/?page_id=77#breadcrumb"},"inLanguage":"tr","potentialAction":[{"@type":"ReadAction","target":["http:\/\/luxspawellness.org\/?page_id=77"]}]},{"@type":"ImageObject","inLanguage":"tr","@id":"http:\/\/luxspawellness.org\/?page_id=77#primaryimage","url":"https:\/\/luxspawellness.net\/wp-content\/uploads\/2023\/07\/logosari-1.png","contentUrl":"https:\/\/luxspawellness.net\/wp-content\/uploads\/2023\/07\/logosari-1.png"},{"@type":"BreadcrumbList","@id":"http:\/\/luxspawellness.org\/?page_id=77#breadcrumb","itemListElement":[{"@type":"ListItem","position":1,"name":"Anasayfa","item":"https:\/\/luxspawellness.org\/"},{"@type":"ListItem","position":2,"name":"\u0130leti\u015fim ve Adress"}]},{"@type":"WebSite","@id":"https:\/\/luxspawellness.org\/#website","url":"https:\/\/luxspawellness.org\/","name":"Lux Hamam Spa &amp; Wellness","description":"","publisher":{"@id":"https:\/\/luxspawellness.org\/#organization"},"alternateName":"Lux Hamam Spa & Wellness","potentialAction":[{"@type":"SearchAction","target":{"@type":"EntryPoint","urlTemplate":"https:\/\/luxspawellness.org\/?s={search_term_string}"},"query-input":{"@type":"PropertyValueSpecification","valueRequired":true,"valueName":"search_term_string"}}],"inLanguage":"tr"},{"@type":"Organization","@id":"https:\/\/luxspawellness.org\/#organization","name":"Lux Hamam Spa &amp; Wellness","url":"https:\/\/luxspawellness.org\/","logo":{"@type":"ImageObject","inLanguage":"tr","@id":"https:\/\/luxspawellness.org\/#\/schema\/logo\/image\/","url":"https:\/\/luxspawellness.org\/wp-content\/uploads\/2023\/07\/logosari.png","contentUrl":"https:\/\/luxspawellness.org\/wp-content\/uploads\/2023\/07\/logosari.png","width":745,"height":305,"caption":"Lux Hamam Spa &amp; Wellness"},"image":{"@id":"https:\/\/luxspawellness.org\/#\/schema\/logo\/image\/"},"sameAs":["https:\/\/www.facebook.com\/luxspawellnes\/","https:\/\/www.instagram.com\/luxspa.wellness\/"]}]}},"_links":{"self":[{"href":"https:\/\/luxspawellness.org\/index.php?rest_route=\/wp\/v2\/pages\/77","targetHints":{"allow":["GET"]}}],"collection":[{"href":"https:\/\/luxspawellness.org\/index.php?rest_route=\/wp\/v2\/pages"}],"about":[{"href":"https:\/\/luxspawellness.org\/index.php?rest_route=\/wp\/v2\/types\/page"}],"author":[{"embeddable":true,"href":"https:\/\/luxspawellness.org\/index.php?rest_route=\/wp\/v2\/users\/1"}],"replies":[{"embeddable":true,"href":"https:\/\/luxspawellness.org\/index.php?rest_route=%2Fwp%2Fv2%2Fcomments&post=77"}],"version-history":[{"count":7,"href":"https:\/\/luxspawellness.org\/index.php?rest_route=\/wp\/v2\/pages\/77\/revisions"}],"predecessor-version":[{"id":264,"href":"https:\/\/luxspawellness.org\/index.php?rest_route=\/wp\/v2\/pages\/77\/revisions\/264"}],"wp:attachment":[{"href":"https:\/\/luxspawellness.org\/index.php?rest_route=%2Fwp%2Fv2%2Fmedia&parent=77"}],"curies":[{"name":"wp","href":"https:\/\/api.w.org\/{rel}","templated":true}]}}