{"id":416,"date":"2023-07-24T09:57:08","date_gmt":"2023-07-24T09:57:08","guid":{"rendered":"https:\/\/luxspawellness.net\/?page_id=416"},"modified":"2023-07-26T18:42:53","modified_gmt":"2023-07-26T18:42:53","slug":"biz-kimiz","status":"publish","type":"page","link":"https:\/\/luxspawellness.org\/?page_id=416","title":{"rendered":"Biz Kimiz ?"},"content":{"rendered":"\n<h2 class=\"wp-block-heading\">Lux Hamam Spa &amp; Wellness merkezimize ho\u015f geldiniz<\/h2>\n\n\n\n<h2 class=\"wp-block-heading\">Biz kimiz ?<\/h2>\n\n\n\n<p>Lux Hamam Spa &amp; Wellness Merkezi, 2019 y\u0131l\u0131ndan beri Antalya-Kemer b\u00f6lgesinde hizmet veren e\u015fsiz bir sa\u011fl\u0131k ve rahatlama merkezidir. \u00d6nceden farkl\u0131 isimlerle sekt\u00f6rde yer alm\u0131\u015f olabiliriz, ancak \u015fu anda g\u00fc\u00e7l\u00fc ve profesyonel ekibimizle en \u00fcst\u00fcn hizmeti sunmak i\u00e7in buraday\u0131z.<\/p>\n\n\n\n<p>Tesisimiz ve Hizmetlerimiz:<\/p>\n\n\n\n<p>Modern ve l\u00fcks tasar\u0131ma sahip tesisimizde, sizlere benzersiz bir deneyim ya\u015fatmay\u0131 hedefliyoruz. Sauna, tuz odas\u0131, buhar odas\u0131, jakuzi, relax odas\u0131 ve masaj odalar\u0131 gibi farkl\u0131 se\u00e7eneklerimizle sizi kar\u015f\u0131l\u0131yoruz. Tesisimize ad\u0131m att\u0131\u011f\u0131n\u0131zda s\u0131cak bir kar\u015f\u0131lama ve huzur dolu bir atmosfer sizi bekliyor olacak. Yo\u011fun tempolu hayattan uzakla\u015facak, kendinizi yeniden ke\u015ffedecek, stresten ar\u0131nacak ve zihinsel-d\u00fc\u015f\u00fcnsel dengeye ula\u015fabilece\u011finiz \u00f6zel bir ka\u00e7\u0131\u015f noktas\u0131 sunuyoruz.<\/p>\n\n\n\n<p>Masajlar\u0131m\u0131z ve Uzman Ekibimiz:<\/p>\n\n\n\n<p>Misafirlerimize e\u015fsiz bir deneyim ya\u015fatmak i\u00e7in masajlar\u0131m\u0131z\u0131 \u00f6zenle tasarl\u0131yoruz. Deneyimli ve profesyonel ekibimiz, bedeninizin ve zihninizin rahatlamas\u0131n\u0131 sa\u011flamak i\u00e7in \u00e7e\u015fitli masaj tekniklerini kullan\u0131yor. \u00d6zellikle medikal masajlar\u0131m\u0131z, uzmanlar\u0131m\u0131z taraf\u0131ndan ki\u015fisel ihtiya\u00e7lar\u0131n\u0131za g\u00f6re uyarlanarak fiziksel iyile\u015fme s\u00fcrecinizi desteklemek i\u00e7in \u00f6zel olarak tasarland\u0131. Yorgun kaslar\u0131n\u0131z\u0131 rahatlat\u0131rken, enerjinizi yenileyip kendinizi canl\u0131 hissetmenizi sa\u011flarlar.<\/p>\n\n\n\n<hr class=\"wp-block-separator has-alpha-channel-opacity\"\/>\n\n\n\n<p><strong>Unutulmaz bir deneyim i\u00e7in Lux Hamam Spa &amp; Wellness merkezimize hepinizi bekliyoruz. Size en kaliteli hizmeti sunabilmek i\u00e7in buraday\u0131z ve t\u00fcm ekibimizle sizleri a\u011f\u0131rlamaktan mutluluk duyaca\u011f\u0131z.<\/strong><\/p>\n\n\n\n<p>Bizleri <a href=\"https:\/\/www.instagram.com\/luxspa.wellness\/\" target=\"_blank\" rel=\"noreferrer noopener\">\u0130nsatgarm<\/a> ve <a href=\"https:\/\/www.facebook.com\/luxspawellnes\/\" target=\"_blank\" rel=\"noreferrer noopener\">Facebook <\/a>\u00fczerinden takip etmeyi unutmay\u0131n <\/p>\n\n\n\n<div class=\"wp-block-group alignfull has-text-color has-background\" style=\"color:#000000;background-color:#ffffff\"><div class=\"wp-block-group__inner-container is-layout-flow wp-block-group-is-layout-flow\">\n<div style=\"height:64px\" aria-hidden=\"true\" class=\"wp-block-spacer\"><\/div>\n\n\n\n<p class=\"has-text-align-center has-small-font-size\" style=\"line-height:.9\"><strong>Rezervasyon ve daha detayl\u0131 bilgiler i\u00e7in<\/strong><\/p>\n\n\n\n<div class=\"wp-block-buttons is-horizontal is-content-justification-center is-layout-flex wp-container-core-buttons-is-layout-499968f5 wp-block-buttons-is-layout-flex\">\n<div class=\"wp-block-button has-custom-width wp-block-button__width-50\"><a class=\"wp-block-button__link has-text-color has-background wp-element-button\" href=\"https:\/\/wa.me\/905545398168\" style=\"border-radius:50px;color:#ffffff;background-color:#000000\" target=\"_blank\" rel=\"noreferrer noopener\">Bize ula\u015f\u0131n<\/a><\/div>\n<\/div>\n\n\n\n<div style=\"height:64px\" aria-hidden=\"true\" class=\"wp-block-spacer\"><\/div>\n<\/div><\/div>\n\n\n\n<figure class=\"wp-block-image size-full\"><img fetchpriority=\"high\" decoding=\"async\" width=\"745\" height=\"305\" src=\"https:\/\/luxspawellness.net\/wp-content\/uploads\/2023\/07\/logosari-1.png\" alt=\"lux spa hamam wellness masaj kemer spa kemer hamam\" class=\"wp-image-243\" srcset=\"https:\/\/luxspawellness.org\/wp-content\/uploads\/2023\/07\/logosari-1.png 745w, https:\/\/luxspawellness.org\/wp-content\/uploads\/2023\/07\/logosari-1-300x123.png 300w\" sizes=\"(max-width: 745px) 100vw, 745px\" \/><\/figure>\n","protected":false},"excerpt":{"rendered":"<p>Lux Hamam Spa &amp; Wellness merkezimize ho\u015f geldiniz Biz kimiz ? Lux Hamam Spa &amp; Wellness Merkezi, 2019 y\u0131l\u0131ndan beri Antalya-Kemer b\u00f6lgesinde hizmet veren e\u015fsiz bir sa\u011fl\u0131k ve rahatlama merkezidir. \u00d6nceden farkl\u0131 isimlerle sekt\u00f6rde yer alm\u0131\u015f olabiliriz, ancak \u015fu anda g\u00fc\u00e7l\u00fc ve profesyonel ekibimizle en \u00fcst\u00fcn hizmeti sunmak i\u00e7in buraday\u0131z. Tesisimiz ve Hizmetlerimiz: Modern ve [&hellip;]<\/p>\n","protected":false},"author":1,"featured_media":0,"parent":0,"menu_order":0,"comment_status":"closed","ping_status":"closed","template":"elementor_theme","meta":{"_monsterinsights_skip_tracking":false,"_monsterinsights_sitenote_active":false,"_monsterinsights_sitenote_note":"","_monsterinsights_sitenote_category":0,"footnotes":""},"class_list":["post-416","page","type-page","status-publish","hentry"],"yoast_head":"<!-- This site is optimized with the Yoast SEO plugin v24.6 - https:\/\/yoast.com\/wordpress\/plugins\/seo\/ -->\n<title>Biz Kimiz ? - Lux Hamam Spa &amp; Wellness<\/title>\n<meta name=\"description\" content=\"Lux Hamam Spa &amp; Wellness Merkezi&#039;nde s\u0131cak bir kar\u015f\u0131lama ve huzur dolu atmosfer sizi bekliyor. Deneyimli ekibimiz, bedeninizi ve zihninizi rahatlatmak i\u00e7in \u00f6zel masajlar sunuyor. Unutulmaz bir deneyim ya\u015fay\u0131n!\" \/>\n<meta name=\"robots\" content=\"index, follow, max-snippet:-1, max-image-preview:large, max-video-preview:-1\" \/>\n<link rel=\"canonical\" href=\"https:\/\/luxspawellness.org\/?page_id=416\" \/>\n<meta property=\"og:locale\" content=\"tr_TR\" \/>\n<meta property=\"og:type\" content=\"article\" \/>\n<meta property=\"og:title\" content=\"Biz Kimiz ? - Lux Hamam Spa &amp; Wellness\" \/>\n<meta property=\"og:description\" content=\"Lux Hamam Spa &amp; Wellness Merkezi&#039;nde s\u0131cak bir kar\u015f\u0131lama ve huzur dolu atmosfer sizi bekliyor. Deneyimli ekibimiz, bedeninizi ve zihninizi rahatlatmak i\u00e7in \u00f6zel masajlar sunuyor. Unutulmaz bir deneyim ya\u015fay\u0131n!\" \/>\n<meta property=\"og:url\" content=\"https:\/\/luxspawellness.org\/?page_id=416\" \/>\n<meta property=\"og:site_name\" content=\"Lux Hamam Spa &amp; Wellness\" \/>\n<meta property=\"article:publisher\" content=\"https:\/\/www.facebook.com\/luxspawellnes\/\" \/>\n<meta property=\"article:modified_time\" content=\"2023-07-26T18:42:53+00:00\" \/>\n<meta property=\"og:image\" content=\"https:\/\/luxspawellness.net\/wp-content\/uploads\/2023\/07\/logosari-1.png\" \/>\n<meta name=\"twitter:card\" content=\"summary_large_image\" \/>\n<meta name=\"twitter:label1\" content=\"Tahmini okuma s\u00fcresi\" \/>\n\t<meta name=\"twitter:data1\" content=\"2 dakika\" \/>\n<script type=\"application\/ld+json\" class=\"yoast-schema-graph\">{\"@context\":\"https:\/\/schema.org\",\"@graph\":[{\"@type\":\"WebPage\",\"@id\":\"https:\/\/luxspawellness.org\/?page_id=416\",\"url\":\"https:\/\/luxspawellness.org\/?page_id=416\",\"name\":\"Biz Kimiz ? - Lux Hamam Spa &amp; Wellness\",\"isPartOf\":{\"@id\":\"https:\/\/luxspawellness.org\/#website\"},\"primaryImageOfPage\":{\"@id\":\"https:\/\/luxspawellness.org\/?page_id=416#primaryimage\"},\"image\":{\"@id\":\"https:\/\/luxspawellness.org\/?page_id=416#primaryimage\"},\"thumbnailUrl\":\"https:\/\/luxspawellness.net\/wp-content\/uploads\/2023\/07\/logosari-1.png\",\"datePublished\":\"2023-07-24T09:57:08+00:00\",\"dateModified\":\"2023-07-26T18:42:53+00:00\",\"description\":\"Lux Hamam Spa & Wellness Merkezi'nde s\u0131cak bir kar\u015f\u0131lama ve huzur dolu atmosfer sizi bekliyor. Deneyimli ekibimiz, bedeninizi ve zihninizi rahatlatmak i\u00e7in \u00f6zel masajlar sunuyor. Unutulmaz bir deneyim ya\u015fay\u0131n!\",\"breadcrumb\":{\"@id\":\"https:\/\/luxspawellness.org\/?page_id=416#breadcrumb\"},\"inLanguage\":\"tr\",\"potentialAction\":[{\"@type\":\"ReadAction\",\"target\":[\"https:\/\/luxspawellness.org\/?page_id=416\"]}]},{\"@type\":\"ImageObject\",\"inLanguage\":\"tr\",\"@id\":\"https:\/\/luxspawellness.org\/?page_id=416#primaryimage\",\"url\":\"https:\/\/luxspawellness.net\/wp-content\/uploads\/2023\/07\/logosari-1.png\",\"contentUrl\":\"https:\/\/luxspawellness.net\/wp-content\/uploads\/2023\/07\/logosari-1.png\"},{\"@type\":\"BreadcrumbList\",\"@id\":\"https:\/\/luxspawellness.org\/?page_id=416#breadcrumb\",\"itemListElement\":[{\"@type\":\"ListItem\",\"position\":1,\"name\":\"Anasayfa\",\"item\":\"https:\/\/luxspawellness.org\/\"},{\"@type\":\"ListItem\",\"position\":2,\"name\":\"Biz Kimiz ?\"}]},{\"@type\":\"WebSite\",\"@id\":\"https:\/\/luxspawellness.org\/#website\",\"url\":\"https:\/\/luxspawellness.org\/\",\"name\":\"Lux Hamam Spa &amp; Wellness\",\"description\":\"\",\"publisher\":{\"@id\":\"https:\/\/luxspawellness.org\/#organization\"},\"alternateName\":\"Lux Hamam Spa & Wellness\",\"potentialAction\":[{\"@type\":\"SearchAction\",\"target\":{\"@type\":\"EntryPoint\",\"urlTemplate\":\"https:\/\/luxspawellness.org\/?s={search_term_string}\"},\"query-input\":{\"@type\":\"PropertyValueSpecification\",\"valueRequired\":true,\"valueName\":\"search_term_string\"}}],\"inLanguage\":\"tr\"},{\"@type\":\"Organization\",\"@id\":\"https:\/\/luxspawellness.org\/#organization\",\"name\":\"Lux Hamam Spa &amp; Wellness\",\"url\":\"https:\/\/luxspawellness.org\/\",\"logo\":{\"@type\":\"ImageObject\",\"inLanguage\":\"tr\",\"@id\":\"https:\/\/luxspawellness.org\/#\/schema\/logo\/image\/\",\"url\":\"https:\/\/luxspawellness.org\/wp-content\/uploads\/2023\/07\/logosari.png\",\"contentUrl\":\"https:\/\/luxspawellness.org\/wp-content\/uploads\/2023\/07\/logosari.png\",\"width\":745,\"height\":305,\"caption\":\"Lux Hamam Spa &amp; Wellness\"},\"image\":{\"@id\":\"https:\/\/luxspawellness.org\/#\/schema\/logo\/image\/\"},\"sameAs\":[\"https:\/\/www.facebook.com\/luxspawellnes\/\",\"https:\/\/www.instagram.com\/luxspa.wellness\/\"]}]}<\/script>\n<!-- \/ Yoast SEO plugin. -->","yoast_head_json":{"title":"Biz Kimiz ? - Lux Hamam Spa &amp; Wellness","description":"Lux Hamam Spa & Wellness Merkezi'nde s\u0131cak bir kar\u015f\u0131lama ve huzur dolu atmosfer sizi bekliyor. Deneyimli ekibimiz, bedeninizi ve zihninizi rahatlatmak i\u00e7in \u00f6zel masajlar sunuyor. Unutulmaz bir deneyim ya\u015fay\u0131n!","robots":{"index":"index","follow":"follow","max-snippet":"max-snippet:-1","max-image-preview":"max-image-preview:large","max-video-preview":"max-video-preview:-1"},"canonical":"https:\/\/luxspawellness.org\/?page_id=416","og_locale":"tr_TR","og_type":"article","og_title":"Biz Kimiz ? - Lux Hamam Spa &amp; Wellness","og_description":"Lux Hamam Spa & Wellness Merkezi'nde s\u0131cak bir kar\u015f\u0131lama ve huzur dolu atmosfer sizi bekliyor. Deneyimli ekibimiz, bedeninizi ve zihninizi rahatlatmak i\u00e7in \u00f6zel masajlar sunuyor. Unutulmaz bir deneyim ya\u015fay\u0131n!","og_url":"https:\/\/luxspawellness.org\/?page_id=416","og_site_name":"Lux Hamam Spa &amp; Wellness","article_publisher":"https:\/\/www.facebook.com\/luxspawellnes\/","article_modified_time":"2023-07-26T18:42:53+00:00","og_image":[{"url":"https:\/\/luxspawellness.net\/wp-content\/uploads\/2023\/07\/logosari-1.png","type":"","width":"","height":""}],"twitter_card":"summary_large_image","twitter_misc":{"Tahmini okuma s\u00fcresi":"2 dakika"},"schema":{"@context":"https:\/\/schema.org","@graph":[{"@type":"WebPage","@id":"https:\/\/luxspawellness.org\/?page_id=416","url":"https:\/\/luxspawellness.org\/?page_id=416","name":"Biz Kimiz ? - Lux Hamam Spa &amp; Wellness","isPartOf":{"@id":"https:\/\/luxspawellness.org\/#website"},"primaryImageOfPage":{"@id":"https:\/\/luxspawellness.org\/?page_id=416#primaryimage"},"image":{"@id":"https:\/\/luxspawellness.org\/?page_id=416#primaryimage"},"thumbnailUrl":"https:\/\/luxspawellness.net\/wp-content\/uploads\/2023\/07\/logosari-1.png","datePublished":"2023-07-24T09:57:08+00:00","dateModified":"2023-07-26T18:42:53+00:00","description":"Lux Hamam Spa & Wellness Merkezi'nde s\u0131cak bir kar\u015f\u0131lama ve huzur dolu atmosfer sizi bekliyor. Deneyimli ekibimiz, bedeninizi ve zihninizi rahatlatmak i\u00e7in \u00f6zel masajlar sunuyor. Unutulmaz bir deneyim ya\u015fay\u0131n!","breadcrumb":{"@id":"https:\/\/luxspawellness.org\/?page_id=416#breadcrumb"},"inLanguage":"tr","potentialAction":[{"@type":"ReadAction","target":["https:\/\/luxspawellness.org\/?page_id=416"]}]},{"@type":"ImageObject","inLanguage":"tr","@id":"https:\/\/luxspawellness.org\/?page_id=416#primaryimage","url":"https:\/\/luxspawellness.net\/wp-content\/uploads\/2023\/07\/logosari-1.png","contentUrl":"https:\/\/luxspawellness.net\/wp-content\/uploads\/2023\/07\/logosari-1.png"},{"@type":"BreadcrumbList","@id":"https:\/\/luxspawellness.org\/?page_id=416#breadcrumb","itemListElement":[{"@type":"ListItem","position":1,"name":"Anasayfa","item":"https:\/\/luxspawellness.org\/"},{"@type":"ListItem","position":2,"name":"Biz Kimiz ?"}]},{"@type":"WebSite","@id":"https:\/\/luxspawellness.org\/#website","url":"https:\/\/luxspawellness.org\/","name":"Lux Hamam Spa &amp; Wellness","description":"","publisher":{"@id":"https:\/\/luxspawellness.org\/#organization"},"alternateName":"Lux Hamam Spa & Wellness","potentialAction":[{"@type":"SearchAction","target":{"@type":"EntryPoint","urlTemplate":"https:\/\/luxspawellness.org\/?s={search_term_string}"},"query-input":{"@type":"PropertyValueSpecification","valueRequired":true,"valueName":"search_term_string"}}],"inLanguage":"tr"},{"@type":"Organization","@id":"https:\/\/luxspawellness.org\/#organization","name":"Lux Hamam Spa &amp; Wellness","url":"https:\/\/luxspawellness.org\/","logo":{"@type":"ImageObject","inLanguage":"tr","@id":"https:\/\/luxspawellness.org\/#\/schema\/logo\/image\/","url":"https:\/\/luxspawellness.org\/wp-content\/uploads\/2023\/07\/logosari.png","contentUrl":"https:\/\/luxspawellness.org\/wp-content\/uploads\/2023\/07\/logosari.png","width":745,"height":305,"caption":"Lux Hamam Spa &amp; Wellness"},"image":{"@id":"https:\/\/luxspawellness.org\/#\/schema\/logo\/image\/"},"sameAs":["https:\/\/www.facebook.com\/luxspawellnes\/","https:\/\/www.instagram.com\/luxspa.wellness\/"]}]}},"_links":{"self":[{"href":"https:\/\/luxspawellness.org\/index.php?rest_route=\/wp\/v2\/pages\/416","targetHints":{"allow":["GET"]}}],"collection":[{"href":"https:\/\/luxspawellness.org\/index.php?rest_route=\/wp\/v2\/pages"}],"about":[{"href":"https:\/\/luxspawellness.org\/index.php?rest_route=\/wp\/v2\/types\/page"}],"author":[{"embeddable":true,"href":"https:\/\/luxspawellness.org\/index.php?rest_route=\/wp\/v2\/users\/1"}],"replies":[{"embeddable":true,"href":"https:\/\/luxspawellness.org\/index.php?rest_route=%2Fwp%2Fv2%2Fcomments&post=416"}],"version-history":[{"count":2,"href":"https:\/\/luxspawellness.org\/index.php?rest_route=\/wp\/v2\/pages\/416\/revisions"}],"predecessor-version":[{"id":461,"href":"https:\/\/luxspawellness.org\/index.php?rest_route=\/wp\/v2\/pages\/416\/revisions\/461"}],"wp:attachment":[{"href":"https:\/\/luxspawellness.org\/index.php?rest_route=%2Fwp%2Fv2%2Fmedia&parent=416"}],"curies":[{"name":"wp","href":"https:\/\/api.w.org\/{rel}","templated":true}]}}