{"id":392,"date":"2023-07-24T09:54:38","date_gmt":"2023-07-24T09:54:38","guid":{"rendered":"https:\/\/luxspawellness.net\/?page_id=392"},"modified":"2023-07-25T18:29:07","modified_gmt":"2023-07-25T18:29:07","slug":"tuz-odasi","status":"publish","type":"page","link":"https:\/\/luxspawellness.org\/?page_id=392","title":{"rendered":"Tuz Odas\u0131"},"content":{"rendered":"\n<h1 class=\"wp-block-heading\"> Tuz odas\u0131: Do\u011fal solunum ve rahatlama odas\u0131<\/h1>\n\n\n<div class=\"wp-block-image\">\n<figure class=\"alignleft size-large is-resized\"><img fetchpriority=\"high\" decoding=\"async\" src=\"https:\/\/luxspawellness.net\/wp-content\/uploads\/2023\/07\/tuz-odasi-1-1024x684.jpg\" alt=\"\" class=\"wp-image-503\" width=\"518\" height=\"346\"\/><\/figure>\n<\/div>\n\n\n<h2 class=\"wp-block-heading\">Tuz odas\u0131 nedir ve teknik \u00f6zellikleri<\/h2>\n\n\n\n<p>Tuz odas\u0131, t\u0131pk\u0131 do\u011fal tuz ma\u011faralar\u0131na benzer bir ortamda tasarlanm\u0131\u015f, tuz duvarlarla kaplanm\u0131\u015f ve \u00f6zel tuz partik\u00fcllerinin havaya da\u011f\u0131t\u0131ld\u0131\u011f\u0131 bir terapi odas\u0131d\u0131r. Bu \u00f6zel ortamda ger\u00e7ekle\u015fen terapi, haloterapi olarak da bilinir ve solunum yolu sorunlar\u0131ndan stres azaltmaya kadar \u00e7e\u015fitli sa\u011fl\u0131k sorunlar\u0131na kar\u015f\u0131 do\u011fal bir destek sa\u011flar.<\/p>\n\n\n\n<p>Tuz odalar\u0131, genellikle negatif iyonlar\u0131n artt\u0131\u011f\u0131, d\u00fc\u015f\u00fck nemli ve tuz miktar\u0131 kontrol edilen ortamlard\u0131r. Terapi s\u0131ras\u0131nda havadaki tuz partik\u00fclleri solunum yoluyla akci\u011ferlere ula\u015f\u0131r ve bu s\u00fcre\u00e7, solunum yolu rahats\u0131zl\u0131klar\u0131n\u0131n hafifletilmesine ve derin bir rahatlama hissi sa\u011flamaya katk\u0131da bulunur.<\/p>\n\n\n\n<h2 class=\"wp-block-heading\">Tuz odas\u0131 faydalar\u0131<\/h2>\n\n\n\n<p>Tuz odalar\u0131, bir\u00e7ok sa\u011fl\u0131k ve zindelik yarar\u0131na sahiptir:<\/p>\n\n\n\n<h3 class=\"wp-block-heading\">Solunum yollu rahats\u0131zl\u0131klar\u0131n hafifletilmesi<\/h3>\n\n\n\n<p>Tuz odas\u0131 terapisi, ast\u0131m, bron\u015fit, alerjik rinit ve di\u011fer solunum yolu rahats\u0131zl\u0131klar\u0131n\u0131n semptomlar\u0131n\u0131n hafifletilmesine yard\u0131mc\u0131 olur. Tuz partik\u00fclleri, solunum yollar\u0131n\u0131 temizler ve mukusun d\u0131\u015far\u0131 at\u0131lmas\u0131n\u0131 kolayla\u015ft\u0131r\u0131r.<\/p>\n\n\n\n<h3 class=\"wp-block-heading\">Ba\u011f\u0131\u015f\u0131l\u0131k sistemini g\u00fc\u00e7lendirme<\/h3>\n\n\n\n<p>Tuz odas\u0131 terapisi, havadaki negatif iyonlar\u0131n artmas\u0131n\u0131 sa\u011flayarak ba\u011f\u0131\u015f\u0131kl\u0131k sistemini g\u00fc\u00e7lendirmeye yard\u0131mc\u0131 olur. Daha g\u00fc\u00e7l\u00fc bir ba\u011f\u0131\u015f\u0131kl\u0131k sistemi, hastal\u0131klara kar\u015f\u0131 direncin artmas\u0131na ve genel sa\u011fl\u0131\u011f\u0131n iyile\u015ftirilmesine katk\u0131 sa\u011flar.<\/p>\n\n\n\n<h3 class=\"wp-block-heading\">Stres ve anksiyetesin azalt\u0131lmas\u0131<\/h3>\n\n\n\n<p>Tuz odas\u0131 terapisi, derin rahatlama hissi sa\u011flayarak stres ve anksiyetenin azalt\u0131lmas\u0131na yard\u0131mc\u0131 olur. Terapi s\u0131ras\u0131nda solunan tuz partik\u00fclleri, zihni sakinle\u015ftirir ve ruhsal dengeyi destekler.<\/p>\n\n\n\n<h3 class=\"wp-block-heading\">Cilt sa\u011fl\u0131\u011f\u0131n\u0131n desteklenmesi<\/h3>\n\n\n\n<p>Tuz odas\u0131 terapisi, cildin do\u011fal nem dengesini destekler ve cilt sa\u011fl\u0131\u011f\u0131n\u0131 iyile\u015ftirmeye yard\u0131mc\u0131 olur. Ayr\u0131ca, tuzun antiseptik \u00f6zellikleri, ciltteki bakteri ve enfeksiyonlar\u0131n azalmas\u0131na katk\u0131 sa\u011flar.<\/p>\n\n\n\n<h3 class=\"wp-block-heading\">Uyku kalitesinin art\u0131r\u0131lmas\u0131<\/h3>\n\n\n\n<p>Tuz odas\u0131 terapisi, derin bir rahatlama sa\u011flayarak uyku kalitesini art\u0131rmaya yard\u0131mc\u0131 olur. D\u00fczenli olarak yap\u0131lan terapi, uyku d\u00fczeninin d\u00fczeltilmesine ve uykusuzluk sorunlar\u0131n\u0131n azalmas\u0131na destek olabilir.<\/p>\n\n\n\n<h3 class=\"wp-block-heading\">Spor performans\u0131n\u0131n iyile\u015ftirilmesi<\/h3>\n\n\n\n<p>Sporcular i\u00e7in tuz odas\u0131 terapisi, solunum yollar\u0131n\u0131n a\u00e7\u0131lmas\u0131na ve v\u00fccuttaki oksijen al\u0131m\u0131n\u0131n artmas\u0131na katk\u0131da bulunur. Bu da spor performans\u0131n\u0131 iyile\u015ftirmeye ve dayan\u0131kl\u0131l\u0131\u011f\u0131 art\u0131rmaya yard\u0131mc\u0131 olur.<\/p>\n\n\n\n<h2 class=\"wp-block-heading\">Sonu\u00e7<\/h2>\n\n\n\n<p>Tuz odas\u0131 terapisi, solunum yolu rahats\u0131zl\u0131klar\u0131n\u0131n hafifletilmesi, ba\u011f\u0131\u015f\u0131kl\u0131k sisteminin g\u00fc\u00e7lendirilmesi, stres ve anksiyetenin azalt\u0131lmas\u0131 gibi bir\u00e7ok sa\u011fl\u0131k ve zindelik yarar\u0131 sa\u011flar. Ayn\u0131 zamanda cilt sa\u011fl\u0131\u011f\u0131n\u0131 destekler, uyku kalitesini art\u0131r\u0131r ve sporcular i\u00e7in dayan\u0131kl\u0131l\u0131\u011f\u0131 art\u0131r\u0131c\u0131 bir etkiye sahiptir. Tuz odas\u0131, do\u011fal bir sa\u011fl\u0131k ve rahatlama merkezi olarak, sa\u011fl\u0131k sorunlar\u0131na kar\u015f\u0131 do\u011fal bir destek ve zindelik arayanlar i\u00e7in de\u011ferli bir se\u00e7enek olarak \u00f6ne \u00e7\u0131kar.<\/p>\n\n\n\n<hr class=\"wp-block-separator has-alpha-channel-opacity\"\/>\n\n\n\n<p><strong>Unutulmaz bir deneyim i\u00e7in Lux Hamam Spa &amp; Wellness merkezimize hepinizi bekliyoruz. Size en kaliteli hizmeti sunabilmek i\u00e7in buraday\u0131z ve t\u00fcm ekibimizle sizleri a\u011f\u0131rlamaktan mutluluk duyaca\u011f\u0131z.<\/strong><\/p>\n\n\n\n<p>Bilzeri <a href=\"https:\/\/www.instagram.com\/luxspa.wellness\/\" target=\"_blank\" rel=\"noreferrer noopener\">Instagram <\/a>ve <a href=\"https:\/\/www.facebook.com\/luxspawellnes\/\" target=\"_blank\" rel=\"noreferrer noopener\">Facebook<\/a> \u00fczreinden takip etmeyi unutmay\u0131n <\/p>\n\n\n\n<div class=\"wp-block-buttons is-content-justification-center is-layout-flex wp-container-core-buttons-is-layout-16018d1d wp-block-buttons-is-layout-flex\">\n<div class=\"wp-block-button\"><a class=\"wp-block-button__link wp-element-button\" href=\"http:\/\/wa.me\/905545398168\">Rezervasyon ve Daha detayl\u0131 bilgi i\u00e7in t\u0131kla<\/a><\/div>\n<\/div>\n","protected":false},"excerpt":{"rendered":"<p>Tuz odas\u0131: Do\u011fal solunum ve rahatlama odas\u0131 Tuz odas\u0131 nedir ve teknik \u00f6zellikleri Tuz odas\u0131, t\u0131pk\u0131 do\u011fal tuz ma\u011faralar\u0131na benzer bir ortamda tasarlanm\u0131\u015f, tuz duvarlarla kaplanm\u0131\u015f ve \u00f6zel tuz partik\u00fcllerinin havaya da\u011f\u0131t\u0131ld\u0131\u011f\u0131 bir terapi odas\u0131d\u0131r. Bu \u00f6zel ortamda ger\u00e7ekle\u015fen terapi, haloterapi olarak da bilinir ve solunum yolu sorunlar\u0131ndan stres azaltmaya kadar \u00e7e\u015fitli sa\u011fl\u0131k sorunlar\u0131na kar\u015f\u0131 [&hellip;]<\/p>\n","protected":false},"author":1,"featured_media":0,"parent":0,"menu_order":0,"comment_status":"closed","ping_status":"closed","template":"","meta":{"_monsterinsights_skip_tracking":false,"_monsterinsights_sitenote_active":false,"_monsterinsights_sitenote_note":"","_monsterinsights_sitenote_category":0,"footnotes":""},"class_list":["post-392","page","type-page","status-publish","hentry"],"yoast_head":"<!-- This site is optimized with the Yoast SEO plugin v24.6 - https:\/\/yoast.com\/wordpress\/plugins\/seo\/ -->\n<title>Tuz Odas\u0131 - Lux Hamam Spa &amp; Wellness<\/title>\n<meta name=\"description\" content=\"Lux Hamam Spa &amp; Wellness Merkezi&#039;nde s\u0131cak bir kar\u015f\u0131lama ve huzur dolu atmosfer sizi bekliyor. Deneyimli ekibimiz, bedeninizi ve zihninizi rahatlatmak i\u00e7in \u00f6zel masajlar sunuyor. Unutulmaz bir deneyim ya\u015fay\u0131n!\" \/>\n<meta name=\"robots\" content=\"index, follow, max-snippet:-1, max-image-preview:large, max-video-preview:-1\" \/>\n<link rel=\"canonical\" href=\"https:\/\/luxspawellness.org\/?page_id=392\" \/>\n<meta property=\"og:locale\" content=\"tr_TR\" \/>\n<meta property=\"og:type\" content=\"article\" \/>\n<meta property=\"og:title\" content=\"Tuz Odas\u0131 - Lux Hamam Spa &amp; Wellness\" \/>\n<meta property=\"og:description\" content=\"Lux Hamam Spa &amp; Wellness Merkezi&#039;nde s\u0131cak bir kar\u015f\u0131lama ve huzur dolu atmosfer sizi bekliyor. Deneyimli ekibimiz, bedeninizi ve zihninizi rahatlatmak i\u00e7in \u00f6zel masajlar sunuyor. Unutulmaz bir deneyim ya\u015fay\u0131n!\" \/>\n<meta property=\"og:url\" content=\"https:\/\/luxspawellness.org\/?page_id=392\" \/>\n<meta property=\"og:site_name\" content=\"Lux Hamam Spa &amp; Wellness\" \/>\n<meta property=\"article:publisher\" content=\"https:\/\/www.facebook.com\/luxspawellnes\/\" \/>\n<meta property=\"article:modified_time\" content=\"2023-07-25T18:29:07+00:00\" \/>\n<meta property=\"og:image\" content=\"https:\/\/luxspawellness.net\/wp-content\/uploads\/2023\/07\/tuz-odasi-1-1024x684.jpg\" \/>\n<meta name=\"twitter:card\" content=\"summary_large_image\" \/>\n<meta name=\"twitter:label1\" content=\"Tahmini okuma s\u00fcresi\" \/>\n\t<meta name=\"twitter:data1\" content=\"3 dakika\" \/>\n<script type=\"application\/ld+json\" class=\"yoast-schema-graph\">{\"@context\":\"https:\/\/schema.org\",\"@graph\":[{\"@type\":\"WebPage\",\"@id\":\"https:\/\/luxspawellness.org\/?page_id=392\",\"url\":\"https:\/\/luxspawellness.org\/?page_id=392\",\"name\":\"Tuz Odas\u0131 - Lux Hamam Spa &amp; Wellness\",\"isPartOf\":{\"@id\":\"https:\/\/luxspawellness.org\/#website\"},\"primaryImageOfPage\":{\"@id\":\"https:\/\/luxspawellness.org\/?page_id=392#primaryimage\"},\"image\":{\"@id\":\"https:\/\/luxspawellness.org\/?page_id=392#primaryimage\"},\"thumbnailUrl\":\"https:\/\/luxspawellness.net\/wp-content\/uploads\/2023\/07\/tuz-odasi-1-1024x684.jpg\",\"datePublished\":\"2023-07-24T09:54:38+00:00\",\"dateModified\":\"2023-07-25T18:29:07+00:00\",\"description\":\"Lux Hamam Spa & Wellness Merkezi'nde s\u0131cak bir kar\u015f\u0131lama ve huzur dolu atmosfer sizi bekliyor. Deneyimli ekibimiz, bedeninizi ve zihninizi rahatlatmak i\u00e7in \u00f6zel masajlar sunuyor. Unutulmaz bir deneyim ya\u015fay\u0131n!\",\"breadcrumb\":{\"@id\":\"https:\/\/luxspawellness.org\/?page_id=392#breadcrumb\"},\"inLanguage\":\"tr\",\"potentialAction\":[{\"@type\":\"ReadAction\",\"target\":[\"https:\/\/luxspawellness.org\/?page_id=392\"]}]},{\"@type\":\"ImageObject\",\"inLanguage\":\"tr\",\"@id\":\"https:\/\/luxspawellness.org\/?page_id=392#primaryimage\",\"url\":\"https:\/\/luxspawellness.net\/wp-content\/uploads\/2023\/07\/tuz-odasi-1-1024x684.jpg\",\"contentUrl\":\"https:\/\/luxspawellness.net\/wp-content\/uploads\/2023\/07\/tuz-odasi-1-1024x684.jpg\"},{\"@type\":\"BreadcrumbList\",\"@id\":\"https:\/\/luxspawellness.org\/?page_id=392#breadcrumb\",\"itemListElement\":[{\"@type\":\"ListItem\",\"position\":1,\"name\":\"Anasayfa\",\"item\":\"https:\/\/luxspawellness.org\/\"},{\"@type\":\"ListItem\",\"position\":2,\"name\":\"Tuz Odas\u0131\"}]},{\"@type\":\"WebSite\",\"@id\":\"https:\/\/luxspawellness.org\/#website\",\"url\":\"https:\/\/luxspawellness.org\/\",\"name\":\"Lux Hamam Spa &amp; Wellness\",\"description\":\"\",\"publisher\":{\"@id\":\"https:\/\/luxspawellness.org\/#organization\"},\"alternateName\":\"Lux Hamam Spa & Wellness\",\"potentialAction\":[{\"@type\":\"SearchAction\",\"target\":{\"@type\":\"EntryPoint\",\"urlTemplate\":\"https:\/\/luxspawellness.org\/?s={search_term_string}\"},\"query-input\":{\"@type\":\"PropertyValueSpecification\",\"valueRequired\":true,\"valueName\":\"search_term_string\"}}],\"inLanguage\":\"tr\"},{\"@type\":\"Organization\",\"@id\":\"https:\/\/luxspawellness.org\/#organization\",\"name\":\"Lux Hamam Spa &amp; Wellness\",\"url\":\"https:\/\/luxspawellness.org\/\",\"logo\":{\"@type\":\"ImageObject\",\"inLanguage\":\"tr\",\"@id\":\"https:\/\/luxspawellness.org\/#\/schema\/logo\/image\/\",\"url\":\"https:\/\/luxspawellness.org\/wp-content\/uploads\/2023\/07\/logosari.png\",\"contentUrl\":\"https:\/\/luxspawellness.org\/wp-content\/uploads\/2023\/07\/logosari.png\",\"width\":745,\"height\":305,\"caption\":\"Lux Hamam Spa &amp; Wellness\"},\"image\":{\"@id\":\"https:\/\/luxspawellness.org\/#\/schema\/logo\/image\/\"},\"sameAs\":[\"https:\/\/www.facebook.com\/luxspawellnes\/\",\"https:\/\/www.instagram.com\/luxspa.wellness\/\"]}]}<\/script>\n<!-- \/ Yoast SEO plugin. -->","yoast_head_json":{"title":"Tuz Odas\u0131 - Lux Hamam Spa &amp; Wellness","description":"Lux Hamam Spa & Wellness Merkezi'nde s\u0131cak bir kar\u015f\u0131lama ve huzur dolu atmosfer sizi bekliyor. Deneyimli ekibimiz, bedeninizi ve zihninizi rahatlatmak i\u00e7in \u00f6zel masajlar sunuyor. Unutulmaz bir deneyim ya\u015fay\u0131n!","robots":{"index":"index","follow":"follow","max-snippet":"max-snippet:-1","max-image-preview":"max-image-preview:large","max-video-preview":"max-video-preview:-1"},"canonical":"https:\/\/luxspawellness.org\/?page_id=392","og_locale":"tr_TR","og_type":"article","og_title":"Tuz Odas\u0131 - Lux Hamam Spa &amp; Wellness","og_description":"Lux Hamam Spa & Wellness Merkezi'nde s\u0131cak bir kar\u015f\u0131lama ve huzur dolu atmosfer sizi bekliyor. Deneyimli ekibimiz, bedeninizi ve zihninizi rahatlatmak i\u00e7in \u00f6zel masajlar sunuyor. Unutulmaz bir deneyim ya\u015fay\u0131n!","og_url":"https:\/\/luxspawellness.org\/?page_id=392","og_site_name":"Lux Hamam Spa &amp; Wellness","article_publisher":"https:\/\/www.facebook.com\/luxspawellnes\/","article_modified_time":"2023-07-25T18:29:07+00:00","og_image":[{"url":"https:\/\/luxspawellness.net\/wp-content\/uploads\/2023\/07\/tuz-odasi-1-1024x684.jpg","type":"","width":"","height":""}],"twitter_card":"summary_large_image","twitter_misc":{"Tahmini okuma s\u00fcresi":"3 dakika"},"schema":{"@context":"https:\/\/schema.org","@graph":[{"@type":"WebPage","@id":"https:\/\/luxspawellness.org\/?page_id=392","url":"https:\/\/luxspawellness.org\/?page_id=392","name":"Tuz Odas\u0131 - Lux Hamam Spa &amp; Wellness","isPartOf":{"@id":"https:\/\/luxspawellness.org\/#website"},"primaryImageOfPage":{"@id":"https:\/\/luxspawellness.org\/?page_id=392#primaryimage"},"image":{"@id":"https:\/\/luxspawellness.org\/?page_id=392#primaryimage"},"thumbnailUrl":"https:\/\/luxspawellness.net\/wp-content\/uploads\/2023\/07\/tuz-odasi-1-1024x684.jpg","datePublished":"2023-07-24T09:54:38+00:00","dateModified":"2023-07-25T18:29:07+00:00","description":"Lux Hamam Spa & Wellness Merkezi'nde s\u0131cak bir kar\u015f\u0131lama ve huzur dolu atmosfer sizi bekliyor. Deneyimli ekibimiz, bedeninizi ve zihninizi rahatlatmak i\u00e7in \u00f6zel masajlar sunuyor. Unutulmaz bir deneyim ya\u015fay\u0131n!","breadcrumb":{"@id":"https:\/\/luxspawellness.org\/?page_id=392#breadcrumb"},"inLanguage":"tr","potentialAction":[{"@type":"ReadAction","target":["https:\/\/luxspawellness.org\/?page_id=392"]}]},{"@type":"ImageObject","inLanguage":"tr","@id":"https:\/\/luxspawellness.org\/?page_id=392#primaryimage","url":"https:\/\/luxspawellness.net\/wp-content\/uploads\/2023\/07\/tuz-odasi-1-1024x684.jpg","contentUrl":"https:\/\/luxspawellness.net\/wp-content\/uploads\/2023\/07\/tuz-odasi-1-1024x684.jpg"},{"@type":"BreadcrumbList","@id":"https:\/\/luxspawellness.org\/?page_id=392#breadcrumb","itemListElement":[{"@type":"ListItem","position":1,"name":"Anasayfa","item":"https:\/\/luxspawellness.org\/"},{"@type":"ListItem","position":2,"name":"Tuz Odas\u0131"}]},{"@type":"WebSite","@id":"https:\/\/luxspawellness.org\/#website","url":"https:\/\/luxspawellness.org\/","name":"Lux Hamam Spa &amp; Wellness","description":"","publisher":{"@id":"https:\/\/luxspawellness.org\/#organization"},"alternateName":"Lux Hamam Spa & Wellness","potentialAction":[{"@type":"SearchAction","target":{"@type":"EntryPoint","urlTemplate":"https:\/\/luxspawellness.org\/?s={search_term_string}"},"query-input":{"@type":"PropertyValueSpecification","valueRequired":true,"valueName":"search_term_string"}}],"inLanguage":"tr"},{"@type":"Organization","@id":"https:\/\/luxspawellness.org\/#organization","name":"Lux Hamam Spa &amp; Wellness","url":"https:\/\/luxspawellness.org\/","logo":{"@type":"ImageObject","inLanguage":"tr","@id":"https:\/\/luxspawellness.org\/#\/schema\/logo\/image\/","url":"https:\/\/luxspawellness.org\/wp-content\/uploads\/2023\/07\/logosari.png","contentUrl":"https:\/\/luxspawellness.org\/wp-content\/uploads\/2023\/07\/logosari.png","width":745,"height":305,"caption":"Lux Hamam Spa &amp; Wellness"},"image":{"@id":"https:\/\/luxspawellness.org\/#\/schema\/logo\/image\/"},"sameAs":["https:\/\/www.facebook.com\/luxspawellnes\/","https:\/\/www.instagram.com\/luxspa.wellness\/"]}]}},"_links":{"self":[{"href":"https:\/\/luxspawellness.org\/index.php?rest_route=\/wp\/v2\/pages\/392","targetHints":{"allow":["GET"]}}],"collection":[{"href":"https:\/\/luxspawellness.org\/index.php?rest_route=\/wp\/v2\/pages"}],"about":[{"href":"https:\/\/luxspawellness.org\/index.php?rest_route=\/wp\/v2\/types\/page"}],"author":[{"embeddable":true,"href":"https:\/\/luxspawellness.org\/index.php?rest_route=\/wp\/v2\/users\/1"}],"replies":[{"embeddable":true,"href":"https:\/\/luxspawellness.org\/index.php?rest_route=%2Fwp%2Fv2%2Fcomments&post=392"}],"version-history":[{"count":3,"href":"https:\/\/luxspawellness.org\/index.php?rest_route=\/wp\/v2\/pages\/392\/revisions"}],"predecessor-version":[{"id":504,"href":"https:\/\/luxspawellness.org\/index.php?rest_route=\/wp\/v2\/pages\/392\/revisions\/504"}],"wp:attachment":[{"href":"https:\/\/luxspawellness.org\/index.php?rest_route=%2Fwp%2Fv2%2Fmedia&parent=392"}],"curies":[{"name":"wp","href":"https:\/\/api.w.org\/{rel}","templated":true}]}}