{"id":386,"date":"2023-07-24T09:54:19","date_gmt":"2023-07-24T09:54:19","guid":{"rendered":"https:\/\/luxspawellness.net\/?page_id=386"},"modified":"2023-07-25T18:33:02","modified_gmt":"2023-07-25T18:33:02","slug":"sauna","status":"publish","type":"page","link":"https:\/\/luxspawellness.org\/?page_id=386","title":{"rendered":"Sauna"},"content":{"rendered":"\n<h1 class=\"wp-block-heading\">Sauna : Sa\u011fl\u0131k ve Zindeli\u011fin do\u011fal anahtar\u0131<\/h1>\n\n\n<div class=\"wp-block-image\">\n<figure class=\"alignleft size-full is-resized\"><img fetchpriority=\"high\" decoding=\"async\" src=\"https:\/\/luxspawellness.net\/wp-content\/uploads\/2023\/07\/sauna.jpg\" alt=\"\" class=\"wp-image-276\" width=\"489\" height=\"651\" srcset=\"https:\/\/luxspawellness.org\/wp-content\/uploads\/2023\/07\/sauna.jpg 600w, https:\/\/luxspawellness.org\/wp-content\/uploads\/2023\/07\/sauna-225x300.jpg 225w\" sizes=\"(max-width: 489px) 100vw, 489px\" \/><\/figure>\n<\/div>\n\n\n<h2 class=\"wp-block-heading\">Sauna nedir ve teknik \u00f6zellikleri<\/h2>\n\n\n\n<p>Sauna, y\u00fczy\u0131llard\u0131r insanlar\u0131n sa\u011fl\u0131k ve zindelik aray\u0131\u015f\u0131nda kulland\u0131\u011f\u0131 do\u011fal bir y\u00f6ntemdir. Is\u0131t\u0131lm\u0131\u015f tahta odalarda ger\u00e7ekle\u015ftirilen sauna deneyimi, bir\u00e7ok farkl\u0131 k\u00fclt\u00fcrde terapi ve rahatlama arac\u0131 olarak kullan\u0131lm\u0131\u015ft\u0131r.<\/p>\n\n\n\n<p>Sauna odalar\u0131n\u0131n genellikle do\u011fal ah\u015fap malzemeden yap\u0131ld\u0131\u011f\u0131, yal\u0131t\u0131lm\u0131\u015f bir yap\u0131ya sahip oldu\u011fu ve sauna ta\u015flar\u0131 ve \u0131s\u0131t\u0131c\u0131lar arac\u0131l\u0131\u011f\u0131yla y\u00fcksek s\u0131cakl\u0131klara ula\u015fabilen bir yap\u0131da tasarland\u0131\u011f\u0131 bilinmektedir. Ortalama olarak saunalar, 70\u00b0C ile 100\u00b0C aras\u0131nda de\u011fi\u015fen s\u0131cakl\u0131klarda i\u015fletilir ve odan\u0131n nem seviyesi d\u00fc\u015f\u00fck tutulur. Saunalar, genellikle elektrikle veya odunla \u00e7al\u0131\u015fan \u00f6zel \u0131s\u0131t\u0131c\u0131lar sayesinde istenilen s\u0131cakl\u0131k seviyesine \u00e7abuk ula\u015fabilirler.<\/p>\n\n\n\n<h2 class=\"wp-block-heading\">Sauna kullan\u0131m\u0131n\u0131n faydalar\u0131<\/h2>\n\n\n\n<p>Saunan\u0131n bir\u00e7ok sa\u011fl\u0131k yarar\u0131 bulunmaktad\u0131r:<\/p>\n\n\n\n<h3 class=\"wp-block-heading\">Stres Azaltma ve rahatlama<\/h3>\n\n\n\n<p>Saunada ge\u00e7irilen zaman, v\u00fccuttaki stres hormonlar\u0131n\u0131n azalmas\u0131na ve rahatlaman\u0131za yard\u0131mc\u0131 olur. Y\u00fcksek s\u0131cakl\u0131k, kaslar\u0131n gev\u015femesini sa\u011flar ve zihni dinlendirir, b\u00f6ylece g\u00fcnl\u00fck kayg\u0131 ve stresin \u00fcstesinden gelmeye yard\u0131mc\u0131 olur.<\/p>\n\n\n\n<h3 class=\"wp-block-heading\">Dola\u015f\u0131m geli\u015fmesi<\/h3>\n\n\n\n<p>Sauna, cilt y\u00fczeyinin geni\u015flemesine ve kan damarlar\u0131n\u0131n geni\u015flemesine yol a\u00e7ar, bu da kan dola\u015f\u0131m\u0131n\u0131 art\u0131r\u0131r. \u0130yile\u015ftirilmi\u015f dola\u015f\u0131m, oksijen ve besin maddelerinin v\u00fccutta daha etkili bir \u015fekilde ta\u015f\u0131nmas\u0131n\u0131 sa\u011flar ve b\u00f6ylece dokular\u0131n ve organlar\u0131n daha iyi beslenmesine katk\u0131da bulunur.<\/p>\n\n\n\n<h3 class=\"wp-block-heading\">Toksiklerin at\u0131lmas\u0131<\/h3>\n\n\n\n<p>Sauna terapisi, v\u00fccuttaki toksinleri ve at\u0131k maddeleri terleme yoluyla d\u0131\u015far\u0131 atmada etkili bir y\u00f6ntemdir. Bu, cildinizi temizler ve v\u00fccudunuzun daha sa\u011fl\u0131kl\u0131 bir \u015fekilde i\u015flemesine yard\u0131mc\u0131 olur.<\/p>\n\n\n\n<h3 class=\"wp-block-heading\">\u0130yile\u015ftirilmi\u015f solunum<\/h3>\n\n\n\n<p>Y\u00fcksek s\u0131cakl\u0131k, solunum yollar\u0131n\u0131 a\u00e7ar ve mukusun \u00e7\u00f6z\u00fclmesini kolayla\u015ft\u0131r\u0131r. Bu, ast\u0131m ve di\u011fer solunum problemleri olan insanlar i\u00e7in olumlu etkilere sahiptir. Ancak, solunum rahats\u0131zl\u0131klar\u0131 olanlar sauna kullanmadan \u00f6nce doktorlar\u0131na dan\u0131\u015fmal\u0131d\u0131r.<\/p>\n\n\n\n<h3 class=\"wp-block-heading\">Kas ve Eklem a\u011fr\u0131lar\u0131n\u0131n hafifletilmesi<\/h3>\n\n\n\n<p>Saunada ge\u00e7irilen zaman, kas ve eklem a\u011fr\u0131lar\u0131n\u0131 hafifletmeye yard\u0131mc\u0131 olabilir. Y\u00fcksek s\u0131cakl\u0131k, kaslar\u0131 rahatlat\u0131r ve eklem esnekli\u011fini art\u0131r\u0131r, b\u00f6ylece a\u011fr\u0131lar\u0131n azalmas\u0131na katk\u0131da bulunur.<\/p>\n\n\n\n<h3 class=\"wp-block-heading\">Cilt sa\u011fl\u0131\u011f\u0131n\u0131n desteklenmesi<\/h3>\n\n\n\n<p>Sauna, cildinizi temizler ve \u00f6l\u00fc cilt h\u00fccrelerinin at\u0131lmas\u0131na yard\u0131mc\u0131 olur. Bu, cildin daha taze ve parlak g\u00f6r\u00fcnmesine katk\u0131da bulunabilir. Bununla birlikte, cilt sorunlar\u0131 olanlar \u00f6ncesinde doktorlar\u0131na dan\u0131\u015fmal\u0131d\u0131r.<\/p>\n\n\n\n<h3 class=\"wp-block-heading\">Kilo vermeye yard\u0131mc\u0131 olma<\/h3>\n\n\n\n<p>Sauna, k\u0131sa vadeli kilo kayb\u0131na yard\u0131mc\u0131 olabilir. Y\u00fcksek s\u0131cakl\u0131k alt\u0131nda ge\u00e7irilen zaman, metabolizman\u0131n h\u0131zlanmas\u0131na ve v\u00fccutta su kayb\u0131n\u0131n artmas\u0131na yol a\u00e7ar. Ancak unutulmamal\u0131d\u0131r ki sauna kilo vermek i\u00e7in tek ba\u015f\u0131na yeterli bir y\u00f6ntem de\u011fildir ve dengeli beslenme ve egzersizle desteklenmelidir.<\/p>\n\n\n\n<h2 class=\"wp-block-heading\">Sounu\u00e7: Saunan\u0131n sa\u011fl\u0131k ve zindelik i\u00e7in \u00f6nemi<\/h2>\n\n\n\n<p>Sauna, y\u00fczy\u0131llard\u0131r sa\u011fl\u0131k ve zindelik arayanlar\u0131n vazge\u00e7ilmez bir do\u011fal y\u00f6ntemi olmu\u015ftur. Sauna deneyimi, stres azaltma, dola\u015f\u0131m\u0131n geli\u015ftirilmesi, toksinlerin at\u0131lmas\u0131, solunumun iyile\u015ftirilmesi, kas ve eklem a\u011fr\u0131lar\u0131n\u0131n hafifletilmesi, cilt sa\u011fl\u0131\u011f\u0131n\u0131n desteklenmesi ve hatta k\u0131sa vadeli kilo verme konular\u0131nda faydalar sa\u011flar. Ancak, herhangi bir sa\u011fl\u0131k durumunuz varsa ve sauna kullanmay\u0131 d\u00fc\u015f\u00fcn\u00fcyorsan\u0131z \u00f6nceden doktorunuza dan\u0131\u015fman\u0131z \u00f6nemlidir. Saunan\u0131n do\u011fru ve d\u00fczenli kullan\u0131m\u0131, sa\u011fl\u0131kl\u0131 ya\u015fam tarz\u0131n\u0131z\u0131 destekleyen bir unsur olabilir ve zindeli\u011finizi art\u0131rabilir.<\/p>\n\n\n\n<hr class=\"wp-block-separator has-alpha-channel-opacity\"\/>\n\n\n\n<p><strong>Unutulmaz bir deneyim i\u00e7in Lux Hamam Spa &amp; Wellness merkezimize hepinizi bekliyoruz. Size en kaliteli hizmeti sunabilmek i\u00e7in buraday\u0131z ve t\u00fcm ekibimizle sizleri a\u011f\u0131rlamaktan mutluluk duyaca\u011f\u0131z.<\/strong><\/p>\n\n\n\n<p>Bizleri <a href=\"https:\/\/www.instagram.com\/luxspa.wellness\/\" target=\"_blank\" rel=\"noreferrer noopener\">\u0130nsatgarm<\/a> ve <a href=\"https:\/\/www.facebook.com\/luxspawellnes\/\" target=\"_blank\" rel=\"noreferrer noopener\">Facebook <\/a>\u00fczerinden takip etmeyi unutmay\u0131n <\/p>\n\n\n\n<div class=\"wp-block-group alignfull has-text-color has-background\" style=\"color:#000000;background-color:#ffffff\"><div class=\"wp-block-group__inner-container is-layout-flow wp-block-group-is-layout-flow\">\n<div style=\"height:64px\" aria-hidden=\"true\" class=\"wp-block-spacer\"><\/div>\n\n\n\n<p class=\"has-text-align-center has-small-font-size\" style=\"line-height:.9\"><strong>Rezervasyon ve daha detayl\u0131 bilgiler i\u00e7in<\/strong><\/p>\n\n\n\n<div class=\"wp-block-buttons is-horizontal is-content-justification-center is-layout-flex wp-container-core-buttons-is-layout-499968f5 wp-block-buttons-is-layout-flex\">\n<div class=\"wp-block-button has-custom-width wp-block-button__width-50\"><a class=\"wp-block-button__link has-text-color has-background wp-element-button\" href=\"https:\/\/wa.me\/905545398168\" style=\"border-radius:50px;color:#ffffff;background-color:#000000\" target=\"_blank\" rel=\"noreferrer noopener\">Bize ula\u015f\u0131n<\/a><\/div>\n<\/div>\n\n\n\n<div style=\"height:64px\" aria-hidden=\"true\" class=\"wp-block-spacer\"><\/div>\n<\/div><\/div>\n","protected":false},"excerpt":{"rendered":"<p>Sauna : Sa\u011fl\u0131k ve Zindeli\u011fin do\u011fal anahtar\u0131 Sauna nedir ve teknik \u00f6zellikleri Sauna, y\u00fczy\u0131llard\u0131r insanlar\u0131n sa\u011fl\u0131k ve zindelik aray\u0131\u015f\u0131nda kulland\u0131\u011f\u0131 do\u011fal bir y\u00f6ntemdir. Is\u0131t\u0131lm\u0131\u015f tahta odalarda ger\u00e7ekle\u015ftirilen sauna deneyimi, bir\u00e7ok farkl\u0131 k\u00fclt\u00fcrde terapi ve rahatlama arac\u0131 olarak kullan\u0131lm\u0131\u015ft\u0131r. Sauna odalar\u0131n\u0131n genellikle do\u011fal ah\u015fap malzemeden yap\u0131ld\u0131\u011f\u0131, yal\u0131t\u0131lm\u0131\u015f bir yap\u0131ya sahip oldu\u011fu ve sauna ta\u015flar\u0131 ve \u0131s\u0131t\u0131c\u0131lar [&hellip;]<\/p>\n","protected":false},"author":1,"featured_media":0,"parent":0,"menu_order":0,"comment_status":"closed","ping_status":"closed","template":"","meta":{"_monsterinsights_skip_tracking":false,"_monsterinsights_sitenote_active":false,"_monsterinsights_sitenote_note":"","_monsterinsights_sitenote_category":0,"footnotes":""},"class_list":["post-386","page","type-page","status-publish","hentry"],"yoast_head":"<!-- This site is optimized with the Yoast SEO plugin v24.6 - https:\/\/yoast.com\/wordpress\/plugins\/seo\/ -->\n<title>Sauna - Lux Hamam Spa &amp; Wellness<\/title>\n<meta name=\"description\" content=\"Lux Hamam Spa &amp; Wellness Merkezi&#039;nde s\u0131cak bir kar\u015f\u0131lama ve huzur dolu atmosfer sizi bekliyor. Deneyimli ekibimiz, bedeninizi ve zihninizi rahatlatmak i\u00e7in \u00f6zel masajlar sunuyor. Unutulmaz bir deneyim ya\u015fay\u0131n!\" \/>\n<meta name=\"robots\" content=\"index, follow, max-snippet:-1, max-image-preview:large, max-video-preview:-1\" \/>\n<link rel=\"canonical\" href=\"http:\/\/luxspawellness.org\/?page_id=386\" \/>\n<meta property=\"og:locale\" content=\"tr_TR\" \/>\n<meta property=\"og:type\" content=\"article\" \/>\n<meta property=\"og:title\" content=\"Sauna - Lux Hamam Spa &amp; Wellness\" \/>\n<meta property=\"og:description\" content=\"Lux Hamam Spa &amp; Wellness Merkezi&#039;nde s\u0131cak bir kar\u015f\u0131lama ve huzur dolu atmosfer sizi bekliyor. Deneyimli ekibimiz, bedeninizi ve zihninizi rahatlatmak i\u00e7in \u00f6zel masajlar sunuyor. Unutulmaz bir deneyim ya\u015fay\u0131n!\" \/>\n<meta property=\"og:url\" content=\"http:\/\/luxspawellness.org\/?page_id=386\" \/>\n<meta property=\"og:site_name\" content=\"Lux Hamam Spa &amp; Wellness\" \/>\n<meta property=\"article:publisher\" content=\"https:\/\/www.facebook.com\/luxspawellnes\/\" \/>\n<meta property=\"article:modified_time\" content=\"2023-07-25T18:33:02+00:00\" \/>\n<meta property=\"og:image\" content=\"https:\/\/luxspawellness.net\/wp-content\/uploads\/2023\/07\/sauna.jpg\" \/>\n<meta name=\"twitter:card\" content=\"summary_large_image\" \/>\n<meta name=\"twitter:label1\" content=\"Tahmini okuma s\u00fcresi\" \/>\n\t<meta name=\"twitter:data1\" content=\"3 dakika\" \/>\n<script type=\"application\/ld+json\" class=\"yoast-schema-graph\">{\"@context\":\"https:\/\/schema.org\",\"@graph\":[{\"@type\":\"WebPage\",\"@id\":\"http:\/\/luxspawellness.org\/?page_id=386\",\"url\":\"http:\/\/luxspawellness.org\/?page_id=386\",\"name\":\"Sauna - Lux Hamam Spa &amp; Wellness\",\"isPartOf\":{\"@id\":\"https:\/\/luxspawellness.org\/#website\"},\"primaryImageOfPage\":{\"@id\":\"http:\/\/luxspawellness.org\/?page_id=386#primaryimage\"},\"image\":{\"@id\":\"http:\/\/luxspawellness.org\/?page_id=386#primaryimage\"},\"thumbnailUrl\":\"https:\/\/luxspawellness.net\/wp-content\/uploads\/2023\/07\/sauna.jpg\",\"datePublished\":\"2023-07-24T09:54:19+00:00\",\"dateModified\":\"2023-07-25T18:33:02+00:00\",\"description\":\"Lux Hamam Spa & Wellness Merkezi'nde s\u0131cak bir kar\u015f\u0131lama ve huzur dolu atmosfer sizi bekliyor. Deneyimli ekibimiz, bedeninizi ve zihninizi rahatlatmak i\u00e7in \u00f6zel masajlar sunuyor. Unutulmaz bir deneyim ya\u015fay\u0131n!\",\"breadcrumb\":{\"@id\":\"http:\/\/luxspawellness.org\/?page_id=386#breadcrumb\"},\"inLanguage\":\"tr\",\"potentialAction\":[{\"@type\":\"ReadAction\",\"target\":[\"http:\/\/luxspawellness.org\/?page_id=386\"]}]},{\"@type\":\"ImageObject\",\"inLanguage\":\"tr\",\"@id\":\"http:\/\/luxspawellness.org\/?page_id=386#primaryimage\",\"url\":\"https:\/\/luxspawellness.net\/wp-content\/uploads\/2023\/07\/sauna.jpg\",\"contentUrl\":\"https:\/\/luxspawellness.net\/wp-content\/uploads\/2023\/07\/sauna.jpg\"},{\"@type\":\"BreadcrumbList\",\"@id\":\"http:\/\/luxspawellness.org\/?page_id=386#breadcrumb\",\"itemListElement\":[{\"@type\":\"ListItem\",\"position\":1,\"name\":\"Anasayfa\",\"item\":\"https:\/\/luxspawellness.org\/\"},{\"@type\":\"ListItem\",\"position\":2,\"name\":\"Sauna\"}]},{\"@type\":\"WebSite\",\"@id\":\"https:\/\/luxspawellness.org\/#website\",\"url\":\"https:\/\/luxspawellness.org\/\",\"name\":\"Lux Hamam Spa &amp; Wellness\",\"description\":\"\",\"publisher\":{\"@id\":\"https:\/\/luxspawellness.org\/#organization\"},\"alternateName\":\"Lux Hamam Spa & Wellness\",\"potentialAction\":[{\"@type\":\"SearchAction\",\"target\":{\"@type\":\"EntryPoint\",\"urlTemplate\":\"https:\/\/luxspawellness.org\/?s={search_term_string}\"},\"query-input\":{\"@type\":\"PropertyValueSpecification\",\"valueRequired\":true,\"valueName\":\"search_term_string\"}}],\"inLanguage\":\"tr\"},{\"@type\":\"Organization\",\"@id\":\"https:\/\/luxspawellness.org\/#organization\",\"name\":\"Lux Hamam Spa &amp; Wellness\",\"url\":\"https:\/\/luxspawellness.org\/\",\"logo\":{\"@type\":\"ImageObject\",\"inLanguage\":\"tr\",\"@id\":\"https:\/\/luxspawellness.org\/#\/schema\/logo\/image\/\",\"url\":\"https:\/\/luxspawellness.org\/wp-content\/uploads\/2023\/07\/logosari.png\",\"contentUrl\":\"https:\/\/luxspawellness.org\/wp-content\/uploads\/2023\/07\/logosari.png\",\"width\":745,\"height\":305,\"caption\":\"Lux Hamam Spa &amp; Wellness\"},\"image\":{\"@id\":\"https:\/\/luxspawellness.org\/#\/schema\/logo\/image\/\"},\"sameAs\":[\"https:\/\/www.facebook.com\/luxspawellnes\/\",\"https:\/\/www.instagram.com\/luxspa.wellness\/\"]}]}<\/script>\n<!-- \/ Yoast SEO plugin. -->","yoast_head_json":{"title":"Sauna - Lux Hamam Spa &amp; Wellness","description":"Lux Hamam Spa & Wellness Merkezi'nde s\u0131cak bir kar\u015f\u0131lama ve huzur dolu atmosfer sizi bekliyor. Deneyimli ekibimiz, bedeninizi ve zihninizi rahatlatmak i\u00e7in \u00f6zel masajlar sunuyor. Unutulmaz bir deneyim ya\u015fay\u0131n!","robots":{"index":"index","follow":"follow","max-snippet":"max-snippet:-1","max-image-preview":"max-image-preview:large","max-video-preview":"max-video-preview:-1"},"canonical":"http:\/\/luxspawellness.org\/?page_id=386","og_locale":"tr_TR","og_type":"article","og_title":"Sauna - Lux Hamam Spa &amp; Wellness","og_description":"Lux Hamam Spa & Wellness Merkezi'nde s\u0131cak bir kar\u015f\u0131lama ve huzur dolu atmosfer sizi bekliyor. Deneyimli ekibimiz, bedeninizi ve zihninizi rahatlatmak i\u00e7in \u00f6zel masajlar sunuyor. Unutulmaz bir deneyim ya\u015fay\u0131n!","og_url":"http:\/\/luxspawellness.org\/?page_id=386","og_site_name":"Lux Hamam Spa &amp; Wellness","article_publisher":"https:\/\/www.facebook.com\/luxspawellnes\/","article_modified_time":"2023-07-25T18:33:02+00:00","og_image":[{"url":"https:\/\/luxspawellness.net\/wp-content\/uploads\/2023\/07\/sauna.jpg","type":"","width":"","height":""}],"twitter_card":"summary_large_image","twitter_misc":{"Tahmini okuma s\u00fcresi":"3 dakika"},"schema":{"@context":"https:\/\/schema.org","@graph":[{"@type":"WebPage","@id":"http:\/\/luxspawellness.org\/?page_id=386","url":"http:\/\/luxspawellness.org\/?page_id=386","name":"Sauna - Lux Hamam Spa &amp; Wellness","isPartOf":{"@id":"https:\/\/luxspawellness.org\/#website"},"primaryImageOfPage":{"@id":"http:\/\/luxspawellness.org\/?page_id=386#primaryimage"},"image":{"@id":"http:\/\/luxspawellness.org\/?page_id=386#primaryimage"},"thumbnailUrl":"https:\/\/luxspawellness.net\/wp-content\/uploads\/2023\/07\/sauna.jpg","datePublished":"2023-07-24T09:54:19+00:00","dateModified":"2023-07-25T18:33:02+00:00","description":"Lux Hamam Spa & Wellness Merkezi'nde s\u0131cak bir kar\u015f\u0131lama ve huzur dolu atmosfer sizi bekliyor. Deneyimli ekibimiz, bedeninizi ve zihninizi rahatlatmak i\u00e7in \u00f6zel masajlar sunuyor. Unutulmaz bir deneyim ya\u015fay\u0131n!","breadcrumb":{"@id":"http:\/\/luxspawellness.org\/?page_id=386#breadcrumb"},"inLanguage":"tr","potentialAction":[{"@type":"ReadAction","target":["http:\/\/luxspawellness.org\/?page_id=386"]}]},{"@type":"ImageObject","inLanguage":"tr","@id":"http:\/\/luxspawellness.org\/?page_id=386#primaryimage","url":"https:\/\/luxspawellness.net\/wp-content\/uploads\/2023\/07\/sauna.jpg","contentUrl":"https:\/\/luxspawellness.net\/wp-content\/uploads\/2023\/07\/sauna.jpg"},{"@type":"BreadcrumbList","@id":"http:\/\/luxspawellness.org\/?page_id=386#breadcrumb","itemListElement":[{"@type":"ListItem","position":1,"name":"Anasayfa","item":"https:\/\/luxspawellness.org\/"},{"@type":"ListItem","position":2,"name":"Sauna"}]},{"@type":"WebSite","@id":"https:\/\/luxspawellness.org\/#website","url":"https:\/\/luxspawellness.org\/","name":"Lux Hamam Spa &amp; Wellness","description":"","publisher":{"@id":"https:\/\/luxspawellness.org\/#organization"},"alternateName":"Lux Hamam Spa & Wellness","potentialAction":[{"@type":"SearchAction","target":{"@type":"EntryPoint","urlTemplate":"https:\/\/luxspawellness.org\/?s={search_term_string}"},"query-input":{"@type":"PropertyValueSpecification","valueRequired":true,"valueName":"search_term_string"}}],"inLanguage":"tr"},{"@type":"Organization","@id":"https:\/\/luxspawellness.org\/#organization","name":"Lux Hamam Spa &amp; Wellness","url":"https:\/\/luxspawellness.org\/","logo":{"@type":"ImageObject","inLanguage":"tr","@id":"https:\/\/luxspawellness.org\/#\/schema\/logo\/image\/","url":"https:\/\/luxspawellness.org\/wp-content\/uploads\/2023\/07\/logosari.png","contentUrl":"https:\/\/luxspawellness.org\/wp-content\/uploads\/2023\/07\/logosari.png","width":745,"height":305,"caption":"Lux Hamam Spa &amp; Wellness"},"image":{"@id":"https:\/\/luxspawellness.org\/#\/schema\/logo\/image\/"},"sameAs":["https:\/\/www.facebook.com\/luxspawellnes\/","https:\/\/www.instagram.com\/luxspa.wellness\/"]}]}},"_links":{"self":[{"href":"https:\/\/luxspawellness.org\/index.php?rest_route=\/wp\/v2\/pages\/386","targetHints":{"allow":["GET"]}}],"collection":[{"href":"https:\/\/luxspawellness.org\/index.php?rest_route=\/wp\/v2\/pages"}],"about":[{"href":"https:\/\/luxspawellness.org\/index.php?rest_route=\/wp\/v2\/types\/page"}],"author":[{"embeddable":true,"href":"https:\/\/luxspawellness.org\/index.php?rest_route=\/wp\/v2\/users\/1"}],"replies":[{"embeddable":true,"href":"https:\/\/luxspawellness.org\/index.php?rest_route=%2Fwp%2Fv2%2Fcomments&post=386"}],"version-history":[{"count":4,"href":"https:\/\/luxspawellness.org\/index.php?rest_route=\/wp\/v2\/pages\/386\/revisions"}],"predecessor-version":[{"id":511,"href":"https:\/\/luxspawellness.org\/index.php?rest_route=\/wp\/v2\/pages\/386\/revisions\/511"}],"wp:attachment":[{"href":"https:\/\/luxspawellness.org\/index.php?rest_route=%2Fwp%2Fv2%2Fmedia&parent=386"}],"curies":[{"name":"wp","href":"https:\/\/api.w.org\/{rel}","templated":true}]}}