{"id":340,"date":"2023-07-24T09:47:27","date_gmt":"2023-07-24T09:47:27","guid":{"rendered":"https:\/\/luxspawellness.net\/?page_id=340"},"modified":"2023-07-25T16:43:53","modified_gmt":"2023-07-25T16:43:53","slug":"paketlerimiz","status":"publish","type":"page","link":"https:\/\/luxspawellness.org\/?page_id=340","title":{"rendered":"Paketlerimiz"},"content":{"rendered":"\n<h2 class=\"wp-block-heading\">Klasik Paket<\/h2>\n\n\n\n<p><\/p>\n\n\n\n<p><\/p>\n\n\n<div class=\"wp-block-image\">\n<figure class=\"alignleft size-large is-resized\"><img fetchpriority=\"high\" decoding=\"async\" src=\"https:\/\/luxspawellness.net\/wp-content\/uploads\/2023\/07\/paket1-683x1024.jpg\" alt=\"\" class=\"wp-image-270\" width=\"391\" height=\"585\" srcset=\"https:\/\/luxspawellness.org\/wp-content\/uploads\/2023\/07\/paket1-683x1024.jpg 683w, https:\/\/luxspawellness.org\/wp-content\/uploads\/2023\/07\/paket1-200x300.jpg 200w\" sizes=\"(max-width: 391px) 100vw, 391px\" \/><\/figure>\n<\/div>\n\n\n<p>Hamam Spa Wellness :Paketimiz, benzersiz bir spa deneyimine ba\u015flamadan \u00f6nce tuz odas\u0131yla nefes a\u00e7\u0131c\u0131 bir ad\u0131m at\u0131yor. Tuz odas\u0131nda derin bir nefes ald\u0131ktan sonra, bedenimizi \u0131l\u0131k bir du\u015fla canland\u0131r\u0131yoruz. Ard\u0131ndan, s\u0131cak saunaya girerek v\u00fccudumuzu \u0131s\u0131t\u0131p g\u00f6zeneklerimizi a\u00e7\u0131yoruz. Yeniden \u0131l\u0131k bir du\u015f al\u0131yor ve buhar odas\u0131na ge\u00e7iyoruz, burada soludu\u011fumuz buhar nefesimizi tamamen a\u00e7arak ci\u011ferlerimizi temizliyor. Sonra jakuziye girip bedenimizi tam anlam\u0131yla dinlendiriyoruz.<\/p>\n\n\n\n<p>Daha sonra, T\u00fcrk hamam\u0131na ad\u0131m atarak s\u0131cak ta\u015flarda uzan\u0131yoruz. \u0130lk olarak kese ile v\u00fccudumuzun \u00f6l\u00fc derilerinden ar\u0131nmas\u0131n\u0131 sa\u011fl\u0131yoruz ve hemen ard\u0131ndan k\u00f6p\u00fck masaj\u0131 ile rahatlama noktas\u0131na ge\u00e7iyoruz. Bu \u00f6zel prosed\u00fcr yakla\u015f\u0131k 40 ila 50 dakika aras\u0131nda s\u00fcr\u00fcyor.<\/p>\n\n\n\n<p>Sonras\u0131nda, kendimizi relax odas\u0131na y\u00f6nlendiriyoruz. Y\u00fcz\u00fcm\u00fcze \u00f6zel bir maske uygulan\u0131rken, bu s\u0131rada maske kururken s\u0131cak meyveli \u00e7ay\u0131m\u0131z\u0131 yudumluyoruz. Ard\u0131ndan maskemizi nazik\u00e7e y\u0131kay\u0131p masaj a\u015famas\u0131na ge\u00e7iyoruz. Masaj, v\u00fccudun her b\u00f6lgesine 20 dakika boyunca uygulanan ya\u011fl\u0131 bir masajla ger\u00e7ekle\u015ftiriliyor.<\/p>\n\n\n\n<p>Bu \u00f6zel paketimiz, tamamlanmas\u0131 yakla\u015f\u0131k olarak 1 saat 30 dakika s\u00fcrmektedir. Sizleri rahatlama ve tazelikle dolu bir yolculu\u011fa davet ediyoruz.<\/p>\n\n\n\n<h2 class=\"wp-block-heading\">Relax Paket<\/h2>\n\n\n<div class=\"wp-block-image\">\n<figure class=\"alignleft size-full is-resized\"><img decoding=\"async\" src=\"https:\/\/luxspawellness.net\/wp-content\/uploads\/2023\/07\/paket3.jpg\" alt=\"\" class=\"wp-image-272\" width=\"430\" height=\"215\" srcset=\"https:\/\/luxspawellness.org\/wp-content\/uploads\/2023\/07\/paket3.jpg 1024w, https:\/\/luxspawellness.org\/wp-content\/uploads\/2023\/07\/paket3-300x150.jpg 300w, https:\/\/luxspawellness.org\/wp-content\/uploads\/2023\/07\/paket3-768x384.jpg 768w\" sizes=\"(max-width: 430px) 100vw, 430px\" \/><\/figure>\n<\/div>\n\n\n<p>Hamam Spa Wellness: Spa paketimiz, yeniden do\u011fmu\u015f gibi hissetmek i\u00e7in unutulmaz bir deneyim sunuyor. \u00d6ncelikle tuz odas\u0131nda nefesimizi derinlemesine a\u00e7arak yolculu\u011fumuza ba\u015fl\u0131yoruz. Ard\u0131ndan v\u00fccudumuzu canland\u0131rmak i\u00e7in \u0131l\u0131k bir du\u015f al\u0131yor ve ard\u0131 ard\u0131na sauna ve buhar odas\u0131na giriyoruz. Saunada terleyerek bedenimizi ar\u0131nd\u0131r\u0131rken, buhar odas\u0131nda nefesimizi derinlemesine a\u00e7\u0131yor ve ci\u011ferlerimizi ar\u0131nd\u0131r\u0131yoruz. Ard\u0131ndan jakuziye girerek v\u00fccudumuzu tam anlam\u0131yla dinlendiriyoruz.<\/p>\n\n\n\n<p>Daha sonra, T\u00fcrk hamam\u0131nda s\u0131cak ta\u015flara uzan\u0131yoruz ve \u00f6zel tercihimize g\u00f6re tuz veya kahve kesesi ile \u00f6l\u00fc derilerden ar\u0131nmay\u0131 sa\u011fl\u0131yoruz. Hemen ard\u0131ndan, keyifli k\u00f6p\u00fck masaj\u0131 ile kendimizi \u015f\u0131mart\u0131yoruz. Bu \u00f6zel prosed\u00fcr, yakla\u015f\u0131k 40 ila 50 dakika s\u00fcren bir rahatlama seans\u0131 sunuyor.<\/p>\n\n\n\n<p>Sonras\u0131nda, relax odas\u0131na y\u00f6nlendiriliyoruz. Y\u00fcz\u00fcm\u00fcze uygulanan \u00f6zel maskeyle birlikte maskenin kurumas\u0131n\u0131 beklerken, s\u0131cak meyveli \u00e7ay\u0131m\u0131z\u0131 yudumluyoruz. Ard\u0131ndan maskemizi nazik\u00e7e y\u0131kay\u0131p masaj alan\u0131na ge\u00e7iyoruz. Tam 30 dakika boyunca v\u00fccudumuzun her bir noktas\u0131na uygulanan yo\u011fun ya\u011fl\u0131 masajla t\u00fcm stresimiz ve yorgunlu\u011fumuz gideriliyor.<\/p>\n\n\n\n<p>Bu \u00f6zel paketimiz, yakla\u015f\u0131k olarak 1 saat 45 dakika s\u00fcren bir r\u00fcya gibi yolculu\u011fa davet ediyor. Sizleri ba\u015ftan a\u015fa\u011f\u0131 yenilenmi\u015f ve rahatlam\u0131\u015f hissettirecek bu deneyimi ka\u00e7\u0131rmaman\u0131z\u0131 \u00f6neririz.<\/p>\n\n\n\n<h2 class=\"wp-block-heading has-white-background-color has-background\">Lux Paket<\/h2>\n\n\n<div class=\"wp-block-image\">\n<figure class=\"alignleft size-large is-resized\"><img decoding=\"async\" src=\"https:\/\/luxspawellness.net\/wp-content\/uploads\/2023\/07\/paket2-819x1024.jpg\" alt=\"\" class=\"wp-image-273\" width=\"474\" height=\"592\" srcset=\"https:\/\/luxspawellness.org\/wp-content\/uploads\/2023\/07\/paket2-819x1024.jpg 819w, https:\/\/luxspawellness.org\/wp-content\/uploads\/2023\/07\/paket2-240x300.jpg 240w, https:\/\/luxspawellness.org\/wp-content\/uploads\/2023\/07\/paket2-768x960.jpg 768w, https:\/\/luxspawellness.org\/wp-content\/uploads\/2023\/07\/paket2.jpg 1080w\" sizes=\"(max-width: 474px) 100vw, 474px\" \/><\/figure>\n<\/div>\n\n\n<p>Hamam Spa Wellness :Harika bir spa deneyimiyle kendinizi \u015f\u0131martman\u0131n zaman\u0131 geldi! Paketimiz, \u00f6ncelikle tuz odas\u0131nda derin bir nefes alarak ba\u015fl\u0131yor. Nefesimizi a\u00e7t\u0131ktan sonra \u0131l\u0131k bir du\u015f al\u0131yoruz ve ard\u0131ndan s\u0131cak sauna ile g\u00f6zeneklerimizi a\u00e7\u0131p v\u00fccudumuzu \u0131s\u0131t\u0131yoruz. Yeniden \u0131l\u0131k bir du\u015fla canlan\u0131yor ve ard\u0131ndan buhar odas\u0131na ge\u00e7erek nefesimizi derinlemesine temizliyoruz. Akabinde, kendimizi jakuzide b\u0131rakarak v\u00fccudumuzu tamamen dinlendiriyoruz.<\/p>\n\n\n\n<p>Bu keyifli yolculu\u011fun ard\u0131ndan, T\u00fcrk hamam\u0131na ge\u00e7iyoruz. S\u0131cak ta\u015flar\u0131n \u00fczerine uzanarak, \u00f6ncelikle tercihimize g\u00f6re tuz kesesi veya kahve kesesiyle \u00f6l\u00fc derilerden ar\u0131nmay\u0131 sa\u011fl\u0131yoruz. Ard\u0131ndan hemen k\u00f6p\u00fck masaj\u0131yla kendimizi \u015f\u0131mart\u0131yoruz. Bu \u00f6zel prosed\u00fcr, rahatlama ve keyif dolu bir s\u00fcre\u00e7 olarak ortalama 40 ila 50 dakika s\u00fcr\u00fcyor.<\/p>\n\n\n\n<p>Sonras\u0131nda, relax odas\u0131na ge\u00e7iyoruz. Y\u00fcz\u00fcm\u00fcze uygulanan \u00f6zel maskeyle birlikte maskenin kurumas\u0131n\u0131 beklerken, s\u0131cak meyveli \u00e7ay\u0131m\u0131z\u0131 yudumluyoruz. Ard\u0131ndan maskemizi nazik\u00e7e temizleyip masaj alan\u0131na y\u00f6nlendiriliyoruz. Tam bir saat boyunca b\u00fct\u00fcn v\u00fccudumuza uygulanan yo\u011fun ya\u011fl\u0131 veya ya\u011fs\u0131z masajla rahatlama ve gev\u015feme noktas\u0131na ula\u015f\u0131yoruz.<\/p>\n\n\n\n<p>Bu e\u015fsiz paketimiz, ortalama olarak 2 saat 30 dakika s\u00fcren bir \u015fifa ve huzur yolculu\u011funa davet ediyor. Sizi bedeninizi ve zihninizi tazeleyecek bu deneyimi ya\u015famaya bekliyoruz<\/p>\n\n\n\n<hr class=\"wp-block-separator has-alpha-channel-opacity\"\/>\n\n\n\n<p><strong>Unutulmaz bir deneyim i\u00e7in Lux Hamam Spa &amp; Wellness merkezimize hepinizi bekliyoruz. Size en kaliteli hizmeti sunabilmek i\u00e7in buraday\u0131z ve t\u00fcm ekibimizle sizleri a\u011f\u0131rlamaktan mutluluk duyaca\u011f\u0131z.<\/strong><\/p>\n\n\n\n<p>Bilzeri <a href=\"https:\/\/www.instagram.com\/luxspa.wellness\/\" target=\"_blank\" rel=\"noreferrer noopener\">Instagram <\/a>ve <a href=\"https:\/\/www.facebook.com\/luxspawellnes\/\" target=\"_blank\" rel=\"noreferrer noopener\">Facebook<\/a> \u00fczreinden takip etmeyi unutmay\u0131n <\/p>\n\n\n\n<div class=\"wp-block-buttons is-content-justification-center is-layout-flex wp-container-core-buttons-is-layout-16018d1d wp-block-buttons-is-layout-flex\">\n<div class=\"wp-block-button\"><a class=\"wp-block-button__link wp-element-button\" href=\"http:\/\/wa.me\/905545398168\">Rezervasyon ve Daha detayl\u0131 bilgi i\u00e7in t\u0131kla<\/a><\/div>\n<\/div>\n","protected":false},"excerpt":{"rendered":"<p>Klasik Paket Hamam Spa Wellness :Paketimiz, benzersiz bir spa deneyimine ba\u015flamadan \u00f6nce tuz odas\u0131yla nefes a\u00e7\u0131c\u0131 bir ad\u0131m at\u0131yor. Tuz odas\u0131nda derin bir nefes ald\u0131ktan sonra, bedenimizi \u0131l\u0131k bir du\u015fla canland\u0131r\u0131yoruz. Ard\u0131ndan, s\u0131cak saunaya girerek v\u00fccudumuzu \u0131s\u0131t\u0131p g\u00f6zeneklerimizi a\u00e7\u0131yoruz. Yeniden \u0131l\u0131k bir du\u015f al\u0131yor ve buhar odas\u0131na ge\u00e7iyoruz, burada soludu\u011fumuz buhar nefesimizi tamamen a\u00e7arak ci\u011ferlerimizi [&hellip;]<\/p>\n","protected":false},"author":1,"featured_media":0,"parent":0,"menu_order":0,"comment_status":"closed","ping_status":"closed","template":"","meta":{"_monsterinsights_skip_tracking":false,"_monsterinsights_sitenote_active":false,"_monsterinsights_sitenote_note":"","_monsterinsights_sitenote_category":0,"footnotes":""},"class_list":["post-340","page","type-page","status-publish","hentry"],"yoast_head":"<!-- This site is optimized with the Yoast SEO plugin v24.6 - https:\/\/yoast.com\/wordpress\/plugins\/seo\/ -->\n<title>Paketlerimiz - Lux Hamam Spa &amp; Wellness<\/title>\n<meta name=\"description\" content=\"Lux Hamam Spa &amp; Wellness Merkezi&#039;nde s\u0131cak bir kar\u015f\u0131lama ve huzur dolu atmosfer sizi bekliyor. Deneyimli ekibimiz, bedeninizi ve zihninizi rahatlatmak i\u00e7in \u00f6zel masajlar sunuyor. Unutulmaz bir deneyim ya\u015fay\u0131n!\" \/>\n<meta name=\"robots\" content=\"index, follow, max-snippet:-1, max-image-preview:large, max-video-preview:-1\" \/>\n<link rel=\"canonical\" href=\"https:\/\/luxspawellness.org\/?page_id=340\" \/>\n<meta property=\"og:locale\" content=\"tr_TR\" \/>\n<meta property=\"og:type\" content=\"article\" \/>\n<meta property=\"og:title\" content=\"Paketlerimiz - Lux Hamam Spa &amp; Wellness\" \/>\n<meta property=\"og:description\" content=\"Lux Hamam Spa &amp; Wellness Merkezi&#039;nde s\u0131cak bir kar\u015f\u0131lama ve huzur dolu atmosfer sizi bekliyor. Deneyimli ekibimiz, bedeninizi ve zihninizi rahatlatmak i\u00e7in \u00f6zel masajlar sunuyor. Unutulmaz bir deneyim ya\u015fay\u0131n!\" \/>\n<meta property=\"og:url\" content=\"https:\/\/luxspawellness.org\/?page_id=340\" \/>\n<meta property=\"og:site_name\" content=\"Lux Hamam Spa &amp; Wellness\" \/>\n<meta property=\"article:publisher\" content=\"https:\/\/www.facebook.com\/luxspawellnes\/\" \/>\n<meta property=\"article:modified_time\" content=\"2023-07-25T16:43:53+00:00\" \/>\n<meta property=\"og:image\" content=\"https:\/\/luxspawellness.net\/wp-content\/uploads\/2023\/07\/paket1-683x1024.jpg\" \/>\n<meta name=\"twitter:card\" content=\"summary_large_image\" \/>\n<meta name=\"twitter:label1\" content=\"Tahmini okuma s\u00fcresi\" \/>\n\t<meta name=\"twitter:data1\" content=\"4 dakika\" \/>\n<script type=\"application\/ld+json\" class=\"yoast-schema-graph\">{\"@context\":\"https:\/\/schema.org\",\"@graph\":[{\"@type\":\"WebPage\",\"@id\":\"https:\/\/luxspawellness.org\/?page_id=340\",\"url\":\"https:\/\/luxspawellness.org\/?page_id=340\",\"name\":\"Paketlerimiz - Lux Hamam Spa &amp; Wellness\",\"isPartOf\":{\"@id\":\"https:\/\/luxspawellness.org\/#website\"},\"primaryImageOfPage\":{\"@id\":\"https:\/\/luxspawellness.org\/?page_id=340#primaryimage\"},\"image\":{\"@id\":\"https:\/\/luxspawellness.org\/?page_id=340#primaryimage\"},\"thumbnailUrl\":\"https:\/\/luxspawellness.net\/wp-content\/uploads\/2023\/07\/paket1-683x1024.jpg\",\"datePublished\":\"2023-07-24T09:47:27+00:00\",\"dateModified\":\"2023-07-25T16:43:53+00:00\",\"description\":\"Lux Hamam Spa & Wellness Merkezi'nde s\u0131cak bir kar\u015f\u0131lama ve huzur dolu atmosfer sizi bekliyor. Deneyimli ekibimiz, bedeninizi ve zihninizi rahatlatmak i\u00e7in \u00f6zel masajlar sunuyor. Unutulmaz bir deneyim ya\u015fay\u0131n!\",\"breadcrumb\":{\"@id\":\"https:\/\/luxspawellness.org\/?page_id=340#breadcrumb\"},\"inLanguage\":\"tr\",\"potentialAction\":[{\"@type\":\"ReadAction\",\"target\":[\"https:\/\/luxspawellness.org\/?page_id=340\"]}]},{\"@type\":\"ImageObject\",\"inLanguage\":\"tr\",\"@id\":\"https:\/\/luxspawellness.org\/?page_id=340#primaryimage\",\"url\":\"https:\/\/luxspawellness.net\/wp-content\/uploads\/2023\/07\/paket1-683x1024.jpg\",\"contentUrl\":\"https:\/\/luxspawellness.net\/wp-content\/uploads\/2023\/07\/paket1-683x1024.jpg\"},{\"@type\":\"BreadcrumbList\",\"@id\":\"https:\/\/luxspawellness.org\/?page_id=340#breadcrumb\",\"itemListElement\":[{\"@type\":\"ListItem\",\"position\":1,\"name\":\"Anasayfa\",\"item\":\"https:\/\/luxspawellness.org\/\"},{\"@type\":\"ListItem\",\"position\":2,\"name\":\"Paketlerimiz\"}]},{\"@type\":\"WebSite\",\"@id\":\"https:\/\/luxspawellness.org\/#website\",\"url\":\"https:\/\/luxspawellness.org\/\",\"name\":\"Lux Hamam Spa &amp; Wellness\",\"description\":\"\",\"publisher\":{\"@id\":\"https:\/\/luxspawellness.org\/#organization\"},\"alternateName\":\"Lux Hamam Spa & Wellness\",\"potentialAction\":[{\"@type\":\"SearchAction\",\"target\":{\"@type\":\"EntryPoint\",\"urlTemplate\":\"https:\/\/luxspawellness.org\/?s={search_term_string}\"},\"query-input\":{\"@type\":\"PropertyValueSpecification\",\"valueRequired\":true,\"valueName\":\"search_term_string\"}}],\"inLanguage\":\"tr\"},{\"@type\":\"Organization\",\"@id\":\"https:\/\/luxspawellness.org\/#organization\",\"name\":\"Lux Hamam Spa &amp; Wellness\",\"url\":\"https:\/\/luxspawellness.org\/\",\"logo\":{\"@type\":\"ImageObject\",\"inLanguage\":\"tr\",\"@id\":\"https:\/\/luxspawellness.org\/#\/schema\/logo\/image\/\",\"url\":\"https:\/\/luxspawellness.org\/wp-content\/uploads\/2023\/07\/logosari.png\",\"contentUrl\":\"https:\/\/luxspawellness.org\/wp-content\/uploads\/2023\/07\/logosari.png\",\"width\":745,\"height\":305,\"caption\":\"Lux Hamam Spa &amp; Wellness\"},\"image\":{\"@id\":\"https:\/\/luxspawellness.org\/#\/schema\/logo\/image\/\"},\"sameAs\":[\"https:\/\/www.facebook.com\/luxspawellnes\/\",\"https:\/\/www.instagram.com\/luxspa.wellness\/\"]}]}<\/script>\n<!-- \/ Yoast SEO plugin. -->","yoast_head_json":{"title":"Paketlerimiz - Lux Hamam Spa &amp; Wellness","description":"Lux Hamam Spa & Wellness Merkezi'nde s\u0131cak bir kar\u015f\u0131lama ve huzur dolu atmosfer sizi bekliyor. Deneyimli ekibimiz, bedeninizi ve zihninizi rahatlatmak i\u00e7in \u00f6zel masajlar sunuyor. Unutulmaz bir deneyim ya\u015fay\u0131n!","robots":{"index":"index","follow":"follow","max-snippet":"max-snippet:-1","max-image-preview":"max-image-preview:large","max-video-preview":"max-video-preview:-1"},"canonical":"https:\/\/luxspawellness.org\/?page_id=340","og_locale":"tr_TR","og_type":"article","og_title":"Paketlerimiz - Lux Hamam Spa &amp; Wellness","og_description":"Lux Hamam Spa & Wellness Merkezi'nde s\u0131cak bir kar\u015f\u0131lama ve huzur dolu atmosfer sizi bekliyor. Deneyimli ekibimiz, bedeninizi ve zihninizi rahatlatmak i\u00e7in \u00f6zel masajlar sunuyor. Unutulmaz bir deneyim ya\u015fay\u0131n!","og_url":"https:\/\/luxspawellness.org\/?page_id=340","og_site_name":"Lux Hamam Spa &amp; Wellness","article_publisher":"https:\/\/www.facebook.com\/luxspawellnes\/","article_modified_time":"2023-07-25T16:43:53+00:00","og_image":[{"url":"https:\/\/luxspawellness.net\/wp-content\/uploads\/2023\/07\/paket1-683x1024.jpg","type":"","width":"","height":""}],"twitter_card":"summary_large_image","twitter_misc":{"Tahmini okuma s\u00fcresi":"4 dakika"},"schema":{"@context":"https:\/\/schema.org","@graph":[{"@type":"WebPage","@id":"https:\/\/luxspawellness.org\/?page_id=340","url":"https:\/\/luxspawellness.org\/?page_id=340","name":"Paketlerimiz - Lux Hamam Spa &amp; Wellness","isPartOf":{"@id":"https:\/\/luxspawellness.org\/#website"},"primaryImageOfPage":{"@id":"https:\/\/luxspawellness.org\/?page_id=340#primaryimage"},"image":{"@id":"https:\/\/luxspawellness.org\/?page_id=340#primaryimage"},"thumbnailUrl":"https:\/\/luxspawellness.net\/wp-content\/uploads\/2023\/07\/paket1-683x1024.jpg","datePublished":"2023-07-24T09:47:27+00:00","dateModified":"2023-07-25T16:43:53+00:00","description":"Lux Hamam Spa & Wellness Merkezi'nde s\u0131cak bir kar\u015f\u0131lama ve huzur dolu atmosfer sizi bekliyor. Deneyimli ekibimiz, bedeninizi ve zihninizi rahatlatmak i\u00e7in \u00f6zel masajlar sunuyor. Unutulmaz bir deneyim ya\u015fay\u0131n!","breadcrumb":{"@id":"https:\/\/luxspawellness.org\/?page_id=340#breadcrumb"},"inLanguage":"tr","potentialAction":[{"@type":"ReadAction","target":["https:\/\/luxspawellness.org\/?page_id=340"]}]},{"@type":"ImageObject","inLanguage":"tr","@id":"https:\/\/luxspawellness.org\/?page_id=340#primaryimage","url":"https:\/\/luxspawellness.net\/wp-content\/uploads\/2023\/07\/paket1-683x1024.jpg","contentUrl":"https:\/\/luxspawellness.net\/wp-content\/uploads\/2023\/07\/paket1-683x1024.jpg"},{"@type":"BreadcrumbList","@id":"https:\/\/luxspawellness.org\/?page_id=340#breadcrumb","itemListElement":[{"@type":"ListItem","position":1,"name":"Anasayfa","item":"https:\/\/luxspawellness.org\/"},{"@type":"ListItem","position":2,"name":"Paketlerimiz"}]},{"@type":"WebSite","@id":"https:\/\/luxspawellness.org\/#website","url":"https:\/\/luxspawellness.org\/","name":"Lux Hamam Spa &amp; Wellness","description":"","publisher":{"@id":"https:\/\/luxspawellness.org\/#organization"},"alternateName":"Lux Hamam Spa & Wellness","potentialAction":[{"@type":"SearchAction","target":{"@type":"EntryPoint","urlTemplate":"https:\/\/luxspawellness.org\/?s={search_term_string}"},"query-input":{"@type":"PropertyValueSpecification","valueRequired":true,"valueName":"search_term_string"}}],"inLanguage":"tr"},{"@type":"Organization","@id":"https:\/\/luxspawellness.org\/#organization","name":"Lux Hamam Spa &amp; Wellness","url":"https:\/\/luxspawellness.org\/","logo":{"@type":"ImageObject","inLanguage":"tr","@id":"https:\/\/luxspawellness.org\/#\/schema\/logo\/image\/","url":"https:\/\/luxspawellness.org\/wp-content\/uploads\/2023\/07\/logosari.png","contentUrl":"https:\/\/luxspawellness.org\/wp-content\/uploads\/2023\/07\/logosari.png","width":745,"height":305,"caption":"Lux Hamam Spa &amp; Wellness"},"image":{"@id":"https:\/\/luxspawellness.org\/#\/schema\/logo\/image\/"},"sameAs":["https:\/\/www.facebook.com\/luxspawellnes\/","https:\/\/www.instagram.com\/luxspa.wellness\/"]}]}},"_links":{"self":[{"href":"https:\/\/luxspawellness.org\/index.php?rest_route=\/wp\/v2\/pages\/340","targetHints":{"allow":["GET"]}}],"collection":[{"href":"https:\/\/luxspawellness.org\/index.php?rest_route=\/wp\/v2\/pages"}],"about":[{"href":"https:\/\/luxspawellness.org\/index.php?rest_route=\/wp\/v2\/types\/page"}],"author":[{"embeddable":true,"href":"https:\/\/luxspawellness.org\/index.php?rest_route=\/wp\/v2\/users\/1"}],"replies":[{"embeddable":true,"href":"https:\/\/luxspawellness.org\/index.php?rest_route=%2Fwp%2Fv2%2Fcomments&post=340"}],"version-history":[{"count":2,"href":"https:\/\/luxspawellness.org\/index.php?rest_route=\/wp\/v2\/pages\/340\/revisions"}],"predecessor-version":[{"id":451,"href":"https:\/\/luxspawellness.org\/index.php?rest_route=\/wp\/v2\/pages\/340\/revisions\/451"}],"wp:attachment":[{"href":"https:\/\/luxspawellness.org\/index.php?rest_route=%2Fwp%2Fv2%2Fmedia&parent=340"}],"curies":[{"name":"wp","href":"https:\/\/api.w.org\/{rel}","templated":true}]}}