{"id":334,"date":"2023-07-24T09:46:58","date_gmt":"2023-07-24T09:46:58","guid":{"rendered":"https:\/\/luxspawellness.net\/?page_id=334"},"modified":"2023-07-25T18:22:38","modified_gmt":"2023-07-25T18:22:38","slug":"refleksoloji-masaji","status":"publish","type":"page","link":"https:\/\/luxspawellness.org\/?page_id=334","title":{"rendered":"Refleksoloji Masaj\u0131"},"content":{"rendered":"\n<h2 class=\"wp-block-heading\">Refleksoloji masaj\u0131 teknik \u00f6zellikleri ve faydalar\u0131<\/h2>\n\n\n<div class=\"wp-block-image\">\n<figure class=\"alignleft size-full is-resized\"><img fetchpriority=\"high\" decoding=\"async\" src=\"https:\/\/luxspawellness.net\/wp-content\/uploads\/2023\/07\/refleksoloji2.webp\" alt=\"\" class=\"wp-image-477\" width=\"404\" height=\"393\" srcset=\"https:\/\/luxspawellness.org\/wp-content\/uploads\/2023\/07\/refleksoloji2.webp 600w, https:\/\/luxspawellness.org\/wp-content\/uploads\/2023\/07\/refleksoloji2-300x292.webp 300w\" sizes=\"(max-width: 404px) 100vw, 404px\" \/><\/figure>\n<\/div>\n\n\n<h3 class=\"wp-block-heading\">Refleksoloji masaj\u0131 nedir ?<\/h3>\n\n\n\n<p>Refleksoloji masaj\u0131, ayak taban\u0131, eller ve kulaklar\u0131n belirli b\u00f6lgelerinde yer alan refleks noktalar\u0131na uygulanan \u00f6zel bir masaj t\u00fcr\u00fcd\u00fcr. Bu masaj y\u00f6ntemi, v\u00fccuttaki enerji ak\u0131\u015f\u0131n\u0131 d\u00fczenlemeye, organlar\u0131 ve sistemleri dengelemeye ve sa\u011fl\u0131\u011f\u0131 desteklemeye yard\u0131mc\u0131 olur.<\/p>\n\n\n\n<h3 class=\"wp-block-heading\">Teknik \u00f6zellikler <\/h3>\n\n\n\n<h4 class=\"wp-block-heading\">Refleks Noktalar\u0131 Haritas\u0131 <\/h4>\n\n\n\n<p>Refleksoloji masaj\u0131, belirli organlar\u0131n ve sistemlerin v\u00fccuttaki belirli b\u00f6lgelerde yans\u0131mas\u0131n\u0131 temel al\u0131r. Ayak taban\u0131, eller ve kulaklar \u00fczerindeki refleks noktalar\u0131 haritas\u0131, masaj terapistine belirli organlar\u0131 ve sistemleri dengelemek i\u00e7in do\u011fru noktalara bask\u0131 uygulama konusunda yol g\u00f6sterir.<\/p>\n\n\n\n<h4 class=\"wp-block-heading\">Parmak ucuna bask\u0131 tekni\u011fi<\/h4>\n\n\n\n<p>Refleksoloji masaj\u0131nda, masaj terapisti parmak u\u00e7lar\u0131yla hafif\u00e7e ve ritmik olarak refleks noktalar\u0131na bask\u0131 yapar. Bu teknik, enerji ak\u0131\u015f\u0131n\u0131 harekete ge\u00e7irerek v\u00fccudun kendi kendini iyile\u015ftirebilme yetene\u011fini destekler.<\/p>\n\n\n\n<h4 class=\"wp-block-heading\">Terap\u00f6tik masajlar\u0131 ile uyumu<\/h4>\n\n\n\n<p>Refleksoloji masaj\u0131, di\u011fer terap\u00f6tik masaj teknikleri ile de uyum i\u00e7inde kullan\u0131labilir. Masaj terapisti, refleksolojiyi di\u011fer masaj y\u00f6ntemleriyle birle\u015ftirerek m\u00fc\u015fterinin ihtiya\u00e7lar\u0131na uygun ki\u015fiselle\u015ftirilmi\u015f bir tedavi sunar.<\/p>\n\n\n\n<h3 class=\"wp-block-heading\">Faydalar\u0131<\/h3>\n\n\n\n<h4 class=\"wp-block-heading\">Enerji ak\u0131\u015f\u0131n\u0131 d\u00fczenleme<\/h4>\n\n\n\n<p>Refleksoloji masaj\u0131, v\u00fccuttaki enerji ak\u0131\u015f\u0131n\u0131 dengeleyerek ya\u015fam enerjisinin serbest\u00e7e dola\u015fmas\u0131na yard\u0131mc\u0131 olur. Bu sayede v\u00fccutta denge ve uyum sa\u011flan\u0131r.<\/p>\n\n\n\n<h4 class=\"wp-block-heading\">Stres ve Anksiyeteyi azaltma<\/h4>\n\n\n\n<p>Masaj s\u0131ras\u0131nda refleks noktalar\u0131na uygulanan bask\u0131lar, v\u00fccutta gev\u015femeye ve stresin azalmas\u0131na katk\u0131da bulunur. Anksiyeteyi hafifletir ve zihni sakinle\u015ftirir.<\/p>\n\n\n\n<h4 class=\"wp-block-heading\">Sindirim ve Dola\u015f\u0131m sistemini destekleme<\/h4>\n\n\n\n<p>Refleksoloji masaj\u0131, sindirim ve dola\u015f\u0131m sistemini d\u00fczenlemeye yard\u0131mc\u0131 olarak sindirimi kolayla\u015ft\u0131r\u0131r ve kan dola\u015f\u0131m\u0131n\u0131 art\u0131r\u0131r.<\/p>\n\n\n\n<h4 class=\"wp-block-heading\">A\u011fr\u0131 ve rahats\u0131zl\u0131klar\u0131 giderme <\/h4>\n\n\n\n<p>Bu masaj t\u00fcr\u00fc, v\u00fccutta biriken toksinlerin at\u0131lmas\u0131na ve kas gerginliklerinin hafifletilmesine katk\u0131da bulunarak a\u011fr\u0131lar\u0131 ve rahats\u0131zl\u0131klar\u0131 hafifletir.<\/p>\n\n\n\n<h3 class=\"wp-block-heading\">Sonu\u00e7 olarak <\/h3>\n\n\n\n<p>Refleksoloji masaj\u0131, v\u00fccuttaki enerji ak\u0131\u015f\u0131n\u0131 d\u00fczenleyerek sa\u011fl\u0131\u011f\u0131 destekleyen etkili bir masaj t\u00fcr\u00fcd\u00fcr. Refleks noktalar\u0131na uygulanan \u00f6zel teknikler, stresi azalt\u0131r, sindirim ve dola\u015f\u0131m sistemini destekler, a\u011fr\u0131lar\u0131 hafifletir ve v\u00fccudu dengelemeye yard\u0131mc\u0131 olur. Uzman masaj terapistleri taraf\u0131ndan uygulanan bu masaj, ki\u015finin genel sa\u011fl\u0131\u011f\u0131n\u0131 ve zindeli\u011fini destekleyen harika bir tedavi se\u00e7ene\u011fidir.<\/p>\n\n\n\n<hr class=\"wp-block-separator has-alpha-channel-opacity\"\/>\n\n\n\n<p><strong>Unutulmaz bir deneyim i\u00e7in Lux Hamam Spa &amp; Wellness merkezimize hepinizi bekliyoruz. Size en kaliteli hizmeti sunabilmek i\u00e7in buraday\u0131z ve t\u00fcm ekibimizle sizleri a\u011f\u0131rlamaktan mutluluk duyaca\u011f\u0131z.<\/strong><\/p>\n\n\n\n<p>Bilzeri <a href=\"https:\/\/www.instagram.com\/luxspa.wellness\/\" target=\"_blank\" rel=\"noreferrer noopener\">Instagram <\/a>ve <a href=\"https:\/\/www.facebook.com\/luxspawellnes\/\" target=\"_blank\" rel=\"noreferrer noopener\">Facebook<\/a> \u00fczreinden takip etmeyi unutmay\u0131n <\/p>\n\n\n\n<div class=\"wp-block-buttons is-content-justification-center is-layout-flex wp-container-core-buttons-is-layout-16018d1d wp-block-buttons-is-layout-flex\">\n<div class=\"wp-block-button\"><a class=\"wp-block-button__link wp-element-button\" href=\"http:\/\/wa.me\/905545398168\">Rezervasyon ve Daha detayl\u0131 bilgi i\u00e7in t\u0131kla<\/a><\/div>\n<\/div>\n","protected":false},"excerpt":{"rendered":"<p>Refleksoloji masaj\u0131 teknik \u00f6zellikleri ve faydalar\u0131 Refleksoloji masaj\u0131 nedir ? Refleksoloji masaj\u0131, ayak taban\u0131, eller ve kulaklar\u0131n belirli b\u00f6lgelerinde yer alan refleks noktalar\u0131na uygulanan \u00f6zel bir masaj t\u00fcr\u00fcd\u00fcr. Bu masaj y\u00f6ntemi, v\u00fccuttaki enerji ak\u0131\u015f\u0131n\u0131 d\u00fczenlemeye, organlar\u0131 ve sistemleri dengelemeye ve sa\u011fl\u0131\u011f\u0131 desteklemeye yard\u0131mc\u0131 olur. Teknik \u00f6zellikler Refleks Noktalar\u0131 Haritas\u0131 Refleksoloji masaj\u0131, belirli organlar\u0131n ve sistemlerin [&hellip;]<\/p>\n","protected":false},"author":1,"featured_media":0,"parent":0,"menu_order":0,"comment_status":"closed","ping_status":"closed","template":"","meta":{"_monsterinsights_skip_tracking":false,"_monsterinsights_sitenote_active":false,"_monsterinsights_sitenote_note":"","_monsterinsights_sitenote_category":0,"footnotes":""},"class_list":["post-334","page","type-page","status-publish","hentry"],"yoast_head":"<!-- This site is optimized with the Yoast SEO plugin v24.6 - https:\/\/yoast.com\/wordpress\/plugins\/seo\/ -->\n<title>Refleksoloji Masaj\u0131 - Lux Hamam Spa &amp; Wellness<\/title>\n<meta name=\"description\" content=\"Lux Hamam Spa &amp; Wellness Merkezi&#039;nde s\u0131cak bir kar\u015f\u0131lama ve huzur dolu atmosfer sizi bekliyor. Deneyimli ekibimiz, bedeninizi ve zihninizi rahatlatmak i\u00e7in \u00f6zel masajlar sunuyor. Unutulmaz bir deneyim ya\u015fay\u0131n!\" \/>\n<meta name=\"robots\" content=\"index, follow, max-snippet:-1, max-image-preview:large, max-video-preview:-1\" \/>\n<link rel=\"canonical\" href=\"https:\/\/luxspawellness.org\/?page_id=334\" \/>\n<meta property=\"og:locale\" content=\"tr_TR\" \/>\n<meta property=\"og:type\" content=\"article\" \/>\n<meta property=\"og:title\" content=\"Refleksoloji Masaj\u0131 - Lux Hamam Spa &amp; Wellness\" \/>\n<meta property=\"og:description\" content=\"Lux Hamam Spa &amp; Wellness Merkezi&#039;nde s\u0131cak bir kar\u015f\u0131lama ve huzur dolu atmosfer sizi bekliyor. Deneyimli ekibimiz, bedeninizi ve zihninizi rahatlatmak i\u00e7in \u00f6zel masajlar sunuyor. Unutulmaz bir deneyim ya\u015fay\u0131n!\" \/>\n<meta property=\"og:url\" content=\"https:\/\/luxspawellness.org\/?page_id=334\" \/>\n<meta property=\"og:site_name\" content=\"Lux Hamam Spa &amp; Wellness\" \/>\n<meta property=\"article:publisher\" content=\"https:\/\/www.facebook.com\/luxspawellnes\/\" \/>\n<meta property=\"article:modified_time\" content=\"2023-07-25T18:22:38+00:00\" \/>\n<meta property=\"og:image\" content=\"https:\/\/luxspawellness.net\/wp-content\/uploads\/2023\/07\/refleksoloji2.webp\" \/>\n<meta name=\"twitter:card\" content=\"summary_large_image\" \/>\n<meta name=\"twitter:label1\" content=\"Tahmini okuma s\u00fcresi\" \/>\n\t<meta name=\"twitter:data1\" content=\"3 dakika\" \/>\n<script type=\"application\/ld+json\" class=\"yoast-schema-graph\">{\"@context\":\"https:\/\/schema.org\",\"@graph\":[{\"@type\":\"WebPage\",\"@id\":\"https:\/\/luxspawellness.org\/?page_id=334\",\"url\":\"https:\/\/luxspawellness.org\/?page_id=334\",\"name\":\"Refleksoloji Masaj\u0131 - Lux Hamam Spa &amp; Wellness\",\"isPartOf\":{\"@id\":\"https:\/\/luxspawellness.org\/#website\"},\"primaryImageOfPage\":{\"@id\":\"https:\/\/luxspawellness.org\/?page_id=334#primaryimage\"},\"image\":{\"@id\":\"https:\/\/luxspawellness.org\/?page_id=334#primaryimage\"},\"thumbnailUrl\":\"https:\/\/luxspawellness.net\/wp-content\/uploads\/2023\/07\/refleksoloji2.webp\",\"datePublished\":\"2023-07-24T09:46:58+00:00\",\"dateModified\":\"2023-07-25T18:22:38+00:00\",\"description\":\"Lux Hamam Spa & Wellness Merkezi'nde s\u0131cak bir kar\u015f\u0131lama ve huzur dolu atmosfer sizi bekliyor. Deneyimli ekibimiz, bedeninizi ve zihninizi rahatlatmak i\u00e7in \u00f6zel masajlar sunuyor. Unutulmaz bir deneyim ya\u015fay\u0131n!\",\"breadcrumb\":{\"@id\":\"https:\/\/luxspawellness.org\/?page_id=334#breadcrumb\"},\"inLanguage\":\"tr\",\"potentialAction\":[{\"@type\":\"ReadAction\",\"target\":[\"https:\/\/luxspawellness.org\/?page_id=334\"]}]},{\"@type\":\"ImageObject\",\"inLanguage\":\"tr\",\"@id\":\"https:\/\/luxspawellness.org\/?page_id=334#primaryimage\",\"url\":\"https:\/\/luxspawellness.net\/wp-content\/uploads\/2023\/07\/refleksoloji2.webp\",\"contentUrl\":\"https:\/\/luxspawellness.net\/wp-content\/uploads\/2023\/07\/refleksoloji2.webp\"},{\"@type\":\"BreadcrumbList\",\"@id\":\"https:\/\/luxspawellness.org\/?page_id=334#breadcrumb\",\"itemListElement\":[{\"@type\":\"ListItem\",\"position\":1,\"name\":\"Anasayfa\",\"item\":\"https:\/\/luxspawellness.org\/\"},{\"@type\":\"ListItem\",\"position\":2,\"name\":\"Refleksoloji Masaj\u0131\"}]},{\"@type\":\"WebSite\",\"@id\":\"https:\/\/luxspawellness.org\/#website\",\"url\":\"https:\/\/luxspawellness.org\/\",\"name\":\"Lux Hamam Spa &amp; Wellness\",\"description\":\"\",\"publisher\":{\"@id\":\"https:\/\/luxspawellness.org\/#organization\"},\"alternateName\":\"Lux Hamam Spa & Wellness\",\"potentialAction\":[{\"@type\":\"SearchAction\",\"target\":{\"@type\":\"EntryPoint\",\"urlTemplate\":\"https:\/\/luxspawellness.org\/?s={search_term_string}\"},\"query-input\":{\"@type\":\"PropertyValueSpecification\",\"valueRequired\":true,\"valueName\":\"search_term_string\"}}],\"inLanguage\":\"tr\"},{\"@type\":\"Organization\",\"@id\":\"https:\/\/luxspawellness.org\/#organization\",\"name\":\"Lux Hamam Spa &amp; Wellness\",\"url\":\"https:\/\/luxspawellness.org\/\",\"logo\":{\"@type\":\"ImageObject\",\"inLanguage\":\"tr\",\"@id\":\"https:\/\/luxspawellness.org\/#\/schema\/logo\/image\/\",\"url\":\"https:\/\/luxspawellness.org\/wp-content\/uploads\/2023\/07\/logosari.png\",\"contentUrl\":\"https:\/\/luxspawellness.org\/wp-content\/uploads\/2023\/07\/logosari.png\",\"width\":745,\"height\":305,\"caption\":\"Lux Hamam Spa &amp; Wellness\"},\"image\":{\"@id\":\"https:\/\/luxspawellness.org\/#\/schema\/logo\/image\/\"},\"sameAs\":[\"https:\/\/www.facebook.com\/luxspawellnes\/\",\"https:\/\/www.instagram.com\/luxspa.wellness\/\"]}]}<\/script>\n<!-- \/ Yoast SEO plugin. -->","yoast_head_json":{"title":"Refleksoloji Masaj\u0131 - Lux Hamam Spa &amp; Wellness","description":"Lux Hamam Spa & Wellness Merkezi'nde s\u0131cak bir kar\u015f\u0131lama ve huzur dolu atmosfer sizi bekliyor. Deneyimli ekibimiz, bedeninizi ve zihninizi rahatlatmak i\u00e7in \u00f6zel masajlar sunuyor. Unutulmaz bir deneyim ya\u015fay\u0131n!","robots":{"index":"index","follow":"follow","max-snippet":"max-snippet:-1","max-image-preview":"max-image-preview:large","max-video-preview":"max-video-preview:-1"},"canonical":"https:\/\/luxspawellness.org\/?page_id=334","og_locale":"tr_TR","og_type":"article","og_title":"Refleksoloji Masaj\u0131 - Lux Hamam Spa &amp; Wellness","og_description":"Lux Hamam Spa & Wellness Merkezi'nde s\u0131cak bir kar\u015f\u0131lama ve huzur dolu atmosfer sizi bekliyor. Deneyimli ekibimiz, bedeninizi ve zihninizi rahatlatmak i\u00e7in \u00f6zel masajlar sunuyor. Unutulmaz bir deneyim ya\u015fay\u0131n!","og_url":"https:\/\/luxspawellness.org\/?page_id=334","og_site_name":"Lux Hamam Spa &amp; Wellness","article_publisher":"https:\/\/www.facebook.com\/luxspawellnes\/","article_modified_time":"2023-07-25T18:22:38+00:00","og_image":[{"url":"https:\/\/luxspawellness.net\/wp-content\/uploads\/2023\/07\/refleksoloji2.webp","type":"","width":"","height":""}],"twitter_card":"summary_large_image","twitter_misc":{"Tahmini okuma s\u00fcresi":"3 dakika"},"schema":{"@context":"https:\/\/schema.org","@graph":[{"@type":"WebPage","@id":"https:\/\/luxspawellness.org\/?page_id=334","url":"https:\/\/luxspawellness.org\/?page_id=334","name":"Refleksoloji Masaj\u0131 - Lux Hamam Spa &amp; Wellness","isPartOf":{"@id":"https:\/\/luxspawellness.org\/#website"},"primaryImageOfPage":{"@id":"https:\/\/luxspawellness.org\/?page_id=334#primaryimage"},"image":{"@id":"https:\/\/luxspawellness.org\/?page_id=334#primaryimage"},"thumbnailUrl":"https:\/\/luxspawellness.net\/wp-content\/uploads\/2023\/07\/refleksoloji2.webp","datePublished":"2023-07-24T09:46:58+00:00","dateModified":"2023-07-25T18:22:38+00:00","description":"Lux Hamam Spa & Wellness Merkezi'nde s\u0131cak bir kar\u015f\u0131lama ve huzur dolu atmosfer sizi bekliyor. Deneyimli ekibimiz, bedeninizi ve zihninizi rahatlatmak i\u00e7in \u00f6zel masajlar sunuyor. Unutulmaz bir deneyim ya\u015fay\u0131n!","breadcrumb":{"@id":"https:\/\/luxspawellness.org\/?page_id=334#breadcrumb"},"inLanguage":"tr","potentialAction":[{"@type":"ReadAction","target":["https:\/\/luxspawellness.org\/?page_id=334"]}]},{"@type":"ImageObject","inLanguage":"tr","@id":"https:\/\/luxspawellness.org\/?page_id=334#primaryimage","url":"https:\/\/luxspawellness.net\/wp-content\/uploads\/2023\/07\/refleksoloji2.webp","contentUrl":"https:\/\/luxspawellness.net\/wp-content\/uploads\/2023\/07\/refleksoloji2.webp"},{"@type":"BreadcrumbList","@id":"https:\/\/luxspawellness.org\/?page_id=334#breadcrumb","itemListElement":[{"@type":"ListItem","position":1,"name":"Anasayfa","item":"https:\/\/luxspawellness.org\/"},{"@type":"ListItem","position":2,"name":"Refleksoloji Masaj\u0131"}]},{"@type":"WebSite","@id":"https:\/\/luxspawellness.org\/#website","url":"https:\/\/luxspawellness.org\/","name":"Lux Hamam Spa &amp; Wellness","description":"","publisher":{"@id":"https:\/\/luxspawellness.org\/#organization"},"alternateName":"Lux Hamam Spa & Wellness","potentialAction":[{"@type":"SearchAction","target":{"@type":"EntryPoint","urlTemplate":"https:\/\/luxspawellness.org\/?s={search_term_string}"},"query-input":{"@type":"PropertyValueSpecification","valueRequired":true,"valueName":"search_term_string"}}],"inLanguage":"tr"},{"@type":"Organization","@id":"https:\/\/luxspawellness.org\/#organization","name":"Lux Hamam Spa &amp; Wellness","url":"https:\/\/luxspawellness.org\/","logo":{"@type":"ImageObject","inLanguage":"tr","@id":"https:\/\/luxspawellness.org\/#\/schema\/logo\/image\/","url":"https:\/\/luxspawellness.org\/wp-content\/uploads\/2023\/07\/logosari.png","contentUrl":"https:\/\/luxspawellness.org\/wp-content\/uploads\/2023\/07\/logosari.png","width":745,"height":305,"caption":"Lux Hamam Spa &amp; Wellness"},"image":{"@id":"https:\/\/luxspawellness.org\/#\/schema\/logo\/image\/"},"sameAs":["https:\/\/www.facebook.com\/luxspawellnes\/","https:\/\/www.instagram.com\/luxspa.wellness\/"]}]}},"_links":{"self":[{"href":"https:\/\/luxspawellness.org\/index.php?rest_route=\/wp\/v2\/pages\/334","targetHints":{"allow":["GET"]}}],"collection":[{"href":"https:\/\/luxspawellness.org\/index.php?rest_route=\/wp\/v2\/pages"}],"about":[{"href":"https:\/\/luxspawellness.org\/index.php?rest_route=\/wp\/v2\/types\/page"}],"author":[{"embeddable":true,"href":"https:\/\/luxspawellness.org\/index.php?rest_route=\/wp\/v2\/users\/1"}],"replies":[{"embeddable":true,"href":"https:\/\/luxspawellness.org\/index.php?rest_route=%2Fwp%2Fv2%2Fcomments&post=334"}],"version-history":[{"count":8,"href":"https:\/\/luxspawellness.org\/index.php?rest_route=\/wp\/v2\/pages\/334\/revisions"}],"predecessor-version":[{"id":485,"href":"https:\/\/luxspawellness.org\/index.php?rest_route=\/wp\/v2\/pages\/334\/revisions\/485"}],"wp:attachment":[{"href":"https:\/\/luxspawellness.org\/index.php?rest_route=%2Fwp%2Fv2%2Fmedia&parent=334"}],"curies":[{"name":"wp","href":"https:\/\/api.w.org\/{rel}","templated":true}]}}