{"id":328,"date":"2023-07-24T09:46:44","date_gmt":"2023-07-24T09:46:44","guid":{"rendered":"https:\/\/luxspawellness.net\/?page_id=328"},"modified":"2023-07-25T18:23:41","modified_gmt":"2023-07-25T18:23:41","slug":"spor-masaji","status":"publish","type":"page","link":"https:\/\/luxspawellness.org\/?page_id=328","title":{"rendered":"Spor Masaj\u0131"},"content":{"rendered":"\n<h1 class=\"wp-block-heading\">Spor masaj\u0131 : Performans ve iyile\u015fmenin g\u00fc\u00e7l\u00fc arac\u0131<\/h1>\n\n\n<div class=\"wp-block-image\">\n<figure class=\"alignleft size-large is-resized\"><img fetchpriority=\"high\" decoding=\"async\" src=\"https:\/\/luxspawellness.net\/wp-content\/uploads\/2023\/07\/spor-masaji-1024x683.jpeg\" alt=\"\" class=\"wp-image-487\" width=\"504\" height=\"336\" srcset=\"https:\/\/luxspawellness.org\/wp-content\/uploads\/2023\/07\/spor-masaji-1024x683.jpeg 1024w, https:\/\/luxspawellness.org\/wp-content\/uploads\/2023\/07\/spor-masaji-300x200.jpeg 300w, https:\/\/luxspawellness.org\/wp-content\/uploads\/2023\/07\/spor-masaji-768x512.jpeg 768w, https:\/\/luxspawellness.org\/wp-content\/uploads\/2023\/07\/spor-masaji.jpeg 1200w\" sizes=\"(max-width: 504px) 100vw, 504px\" \/><\/figure>\n<\/div>\n\n\n<h2 class=\"wp-block-heading\">Spor masaj\u0131 nedir ve teknik \u00f6zellikleri<\/h2>\n\n\n\n<p>Spor masaj\u0131, sporcular\u0131n performans\u0131n\u0131 art\u0131rmak, spor yaralanmalar\u0131n\u0131 \u00f6nlemek ve spor aktivitelerinden sonra daha h\u0131zl\u0131 iyile\u015fmelerini sa\u011flamak amac\u0131yla uygulanan \u00f6zel bir masaj t\u00fcr\u00fcd\u00fcr. Bu masaj t\u00fcr\u00fc, sporcular\u0131n ihtiya\u00e7lar\u0131na g\u00f6re \u00f6zelle\u015ftirilebilen ve genellikle antrenman \u00f6ncesi, antrenman s\u0131ras\u0131nda veya antrenman sonras\u0131nda ger\u00e7ekle\u015ftirilebilir.<\/p>\n\n\n\n<p>Spor masaj\u0131n\u0131n temel teknikleri aras\u0131nda s\u00fcrt\u00fcnme, yo\u011furma, vurma ve germe hareketleri bulunur. Masaj terapisti, sporcular\u0131n kaslar\u0131n\u0131, ba\u011f dokular\u0131n\u0131 ve eklemlerini hedef alarak derin bir etki sa\u011flar. Bu teknikler, kan dola\u015f\u0131m\u0131n\u0131 art\u0131r\u0131r, kaslardaki gerginli\u011fi azalt\u0131r, esnekli\u011fi ve hareket a\u00e7\u0131kl\u0131\u011f\u0131n\u0131 art\u0131r\u0131r ve atletin performans\u0131n\u0131 en \u00fcst d\u00fczeye \u00e7\u0131karmak i\u00e7in kaslar\u0131n\u0131 haz\u0131rlar.<\/p>\n\n\n\n<h3 class=\"wp-block-heading\">Spor masaj\u0131n\u0131n faydalar\u0131 <\/h3>\n\n\n\n<p>Spor masaj\u0131, sporcular i\u00e7in bir\u00e7ok \u00f6nemli fayda sa\u011flar:<\/p>\n\n\n\n<h3 class=\"wp-block-heading\">Kas gerginli\u011finin azalt\u0131lmas\u0131<\/h3>\n\n\n\n<p>Spor masaj\u0131, yo\u011furma ve germe gibi tekniklerle kaslardaki gerginli\u011fi azalt\u0131r. Yo\u011fun antrenmanlar sonucunda olu\u015fan kas spazmlar\u0131n\u0131 hafifletir ve kaslardaki a\u015f\u0131r\u0131 gerilmeyi \u00f6nlemeye yard\u0131mc\u0131 olur.<\/p>\n\n\n\n<h3 class=\"wp-block-heading\">Kan dola\u015f\u0131m\u0131n\u0131n art\u0131r\u0131lmas\u0131<\/h3>\n\n\n\n<p>Masaj\u0131n uyguland\u0131\u011f\u0131 b\u00f6lgelerdeki kan dola\u015f\u0131m\u0131n\u0131 art\u0131rmak, oksijen ve besin maddelerinin daha h\u0131zl\u0131 ta\u015f\u0131nmas\u0131na yard\u0131mc\u0131 olur. Bu da kaslar\u0131n daha iyi beslenmesine ve yorgunlu\u011fun azalt\u0131lmas\u0131na katk\u0131da bulunur.<\/p>\n\n\n\n<h3 class=\"wp-block-heading\">Yaralanma riskinin azalt\u0131lmas\u0131<\/h3>\n\n\n\n<p>Spor masaj\u0131, sporcular\u0131n yaralanma riskini azaltmada etkilidir. Kas ve ba\u011f dokular\u0131n\u0131n d\u00fczenli olarak masajla bak\u0131m\u0131, sporcular\u0131n daha dayan\u0131kl\u0131 ve esnek olmas\u0131na yard\u0131mc\u0131 olur, b\u00f6ylece olas\u0131 yaralanmalar\u0131n \u00f6nlenmesine destek olur.<\/p>\n\n\n\n<h3 class=\"wp-block-heading\">Spor performans\u0131n\u0131n art\u0131r\u0131lmas\u0131 <\/h3>\n\n\n\n<p>Spor masaj\u0131, sporcular\u0131n performans\u0131n\u0131 art\u0131rmak i\u00e7in tasarlanm\u0131\u015ft\u0131r. Kaslar\u0131 daha verimli \u00e7al\u0131\u015ft\u0131rmaya yard\u0131mc\u0131 olarak daha g\u00fc\u00e7l\u00fc ve h\u0131zl\u0131 hareket etmelerini sa\u011flar. Ayn\u0131 zamanda atletik performans\u0131n art\u0131r\u0131lmas\u0131 i\u00e7in kaslar\u0131n do\u011fru bir \u015fekilde haz\u0131rlanmas\u0131na katk\u0131 sa\u011flar.<\/p>\n\n\n\n<h3 class=\"wp-block-heading\">Spor sonras\u0131 iyile\u015ftirme h\u0131zland\u0131rmas\u0131<\/h3>\n\n\n\n<p>Spor masaj\u0131, spor aktivitelerinden sonra olu\u015fan kas a\u011fr\u0131lar\u0131n\u0131 ve tutulmalar\u0131 azaltarak iyile\u015fmeyi h\u0131zland\u0131r\u0131r. Kaslar\u0131n ve eklemlerin masajla rahatlat\u0131lmas\u0131, sporcular\u0131n daha h\u0131zl\u0131 bir \u015fekilde normale d\u00f6nmesini ve bir sonraki antrenmana haz\u0131rlanmas\u0131n\u0131 sa\u011flar.<\/p>\n\n\n\n<h3 class=\"wp-block-heading\">Sporda<strong> Esneklik ve Hareket A\u00e7\u0131kl\u0131\u011f\u0131n\u0131n Art\u0131r\u0131lmas\u0131<\/strong><\/h3>\n\n\n\n<p>Spor masaj\u0131, kaslar\u0131 ve ba\u011f dokular\u0131n\u0131 gererek esnekli\u011fi ve hareket a\u00e7\u0131kl\u0131\u011f\u0131n\u0131 art\u0131r\u0131r. Bu, sporcular\u0131n daha etkili ve verimli hareket etmelerini sa\u011flar, performanslar\u0131n\u0131 optimize eder ve spor s\u0131ras\u0131nda olas\u0131 yaralanma riskini azalt\u0131r.<\/p>\n\n\n\n<h2 class=\"wp-block-heading\">Sonu\u00e7 olarak<\/h2>\n\n\n\n<p>Spor masaj\u0131, sporcular\u0131n performans\u0131n\u0131 art\u0131rmak, yaralanma riskini azaltmak ve iyile\u015fmeyi h\u0131zland\u0131rmak i\u00e7in \u00f6zel olarak tasarlanm\u0131\u015f etkili bir masaj t\u00fcr\u00fcd\u00fcr. Kas gerginli\u011fini azaltmak, kan dola\u015f\u0131m\u0131n\u0131 art\u0131rmak, yaralanmalar\u0131 \u00f6nlemek, spor sonras\u0131 iyile\u015fmeyi h\u0131zland\u0131rmak ve sporcular\u0131n esnekli\u011fini art\u0131rmak gibi bir\u00e7ok fayda sa\u011flar. Spor masaj\u0131, atletlerin sa\u011fl\u0131k ve performans\u0131nda \u00f6nemli bir rol oynamakta ve sporcu bak\u0131m\u0131n\u0131n vazge\u00e7ilmez bir par\u00e7as\u0131 haline gelmektedir.<\/p>\n\n\n\n<hr class=\"wp-block-separator has-alpha-channel-opacity\"\/>\n\n\n\n<hr class=\"wp-block-separator has-alpha-channel-opacity\"\/>\n\n\n\n<p><strong>Unutulmaz bir deneyim i\u00e7in Lux Hamam Spa &amp; Wellness merkezimize hepinizi bekliyoruz. Size en kaliteli hizmeti sunabilmek i\u00e7in buraday\u0131z ve t\u00fcm ekibimizle sizleri a\u011f\u0131rlamaktan mutluluk duyaca\u011f\u0131z.<\/strong><\/p>\n\n\n\n<p>Bilzeri <a href=\"https:\/\/www.instagram.com\/luxspa.wellness\/\" target=\"_blank\" rel=\"noreferrer noopener\">Instagram <\/a>ve <a href=\"https:\/\/www.facebook.com\/luxspawellnes\/\" target=\"_blank\" rel=\"noreferrer noopener\">Facebook<\/a> \u00fczreinden takip etmeyi unutmay\u0131n <\/p>\n\n\n\n<div class=\"wp-block-buttons is-content-justification-center is-layout-flex wp-container-core-buttons-is-layout-16018d1d wp-block-buttons-is-layout-flex\">\n<div class=\"wp-block-button\"><a class=\"wp-block-button__link wp-element-button\" href=\"http:\/\/wa.me\/905545398168\">Rezervasyon ve Daha detayl\u0131 bilgi i\u00e7in t\u0131kla<\/a><\/div>\n<\/div>\n","protected":false},"excerpt":{"rendered":"<p>Spor masaj\u0131 : Performans ve iyile\u015fmenin g\u00fc\u00e7l\u00fc arac\u0131 Spor masaj\u0131 nedir ve teknik \u00f6zellikleri Spor masaj\u0131, sporcular\u0131n performans\u0131n\u0131 art\u0131rmak, spor yaralanmalar\u0131n\u0131 \u00f6nlemek ve spor aktivitelerinden sonra daha h\u0131zl\u0131 iyile\u015fmelerini sa\u011flamak amac\u0131yla uygulanan \u00f6zel bir masaj t\u00fcr\u00fcd\u00fcr. Bu masaj t\u00fcr\u00fc, sporcular\u0131n ihtiya\u00e7lar\u0131na g\u00f6re \u00f6zelle\u015ftirilebilen ve genellikle antrenman \u00f6ncesi, antrenman s\u0131ras\u0131nda veya antrenman sonras\u0131nda ger\u00e7ekle\u015ftirilebilir. Spor masaj\u0131n\u0131n [&hellip;]<\/p>\n","protected":false},"author":1,"featured_media":0,"parent":0,"menu_order":0,"comment_status":"closed","ping_status":"closed","template":"","meta":{"_monsterinsights_skip_tracking":false,"_monsterinsights_sitenote_active":false,"_monsterinsights_sitenote_note":"","_monsterinsights_sitenote_category":0,"footnotes":""},"class_list":["post-328","page","type-page","status-publish","hentry"],"yoast_head":"<!-- This site is optimized with the Yoast SEO plugin v24.6 - https:\/\/yoast.com\/wordpress\/plugins\/seo\/ -->\n<title>Spor Masaj\u0131 - Lux Hamam Spa &amp; Wellness<\/title>\n<meta name=\"description\" content=\"Lux Hamam Spa &amp; Wellness Merkezi&#039;nde s\u0131cak bir kar\u015f\u0131lama ve huzur dolu atmosfer sizi bekliyor. Deneyimli ekibimiz, bedeninizi ve zihninizi rahatlatmak i\u00e7in \u00f6zel masajlar sunuyor. Unutulmaz bir deneyim ya\u015fay\u0131n!\" \/>\n<meta name=\"robots\" content=\"index, follow, max-snippet:-1, max-image-preview:large, max-video-preview:-1\" \/>\n<link rel=\"canonical\" href=\"https:\/\/luxspawellness.org\/?page_id=328\" \/>\n<meta property=\"og:locale\" content=\"tr_TR\" \/>\n<meta property=\"og:type\" content=\"article\" \/>\n<meta property=\"og:title\" content=\"Spor Masaj\u0131 - Lux Hamam Spa &amp; Wellness\" \/>\n<meta property=\"og:description\" content=\"Lux Hamam Spa &amp; Wellness Merkezi&#039;nde s\u0131cak bir kar\u015f\u0131lama ve huzur dolu atmosfer sizi bekliyor. Deneyimli ekibimiz, bedeninizi ve zihninizi rahatlatmak i\u00e7in \u00f6zel masajlar sunuyor. Unutulmaz bir deneyim ya\u015fay\u0131n!\" \/>\n<meta property=\"og:url\" content=\"https:\/\/luxspawellness.org\/?page_id=328\" \/>\n<meta property=\"og:site_name\" content=\"Lux Hamam Spa &amp; Wellness\" \/>\n<meta property=\"article:publisher\" content=\"https:\/\/www.facebook.com\/luxspawellnes\/\" \/>\n<meta property=\"article:modified_time\" content=\"2023-07-25T18:23:41+00:00\" \/>\n<meta property=\"og:image\" content=\"https:\/\/luxspawellness.net\/wp-content\/uploads\/2023\/07\/spor-masaji-1024x683.jpeg\" \/>\n<meta name=\"twitter:card\" content=\"summary_large_image\" \/>\n<meta name=\"twitter:label1\" content=\"Tahmini okuma s\u00fcresi\" \/>\n\t<meta name=\"twitter:data1\" content=\"3 dakika\" \/>\n<script type=\"application\/ld+json\" class=\"yoast-schema-graph\">{\"@context\":\"https:\/\/schema.org\",\"@graph\":[{\"@type\":\"WebPage\",\"@id\":\"https:\/\/luxspawellness.org\/?page_id=328\",\"url\":\"https:\/\/luxspawellness.org\/?page_id=328\",\"name\":\"Spor Masaj\u0131 - Lux Hamam Spa &amp; Wellness\",\"isPartOf\":{\"@id\":\"https:\/\/luxspawellness.org\/#website\"},\"primaryImageOfPage\":{\"@id\":\"https:\/\/luxspawellness.org\/?page_id=328#primaryimage\"},\"image\":{\"@id\":\"https:\/\/luxspawellness.org\/?page_id=328#primaryimage\"},\"thumbnailUrl\":\"https:\/\/luxspawellness.net\/wp-content\/uploads\/2023\/07\/spor-masaji-1024x683.jpeg\",\"datePublished\":\"2023-07-24T09:46:44+00:00\",\"dateModified\":\"2023-07-25T18:23:41+00:00\",\"description\":\"Lux Hamam Spa & Wellness Merkezi'nde s\u0131cak bir kar\u015f\u0131lama ve huzur dolu atmosfer sizi bekliyor. Deneyimli ekibimiz, bedeninizi ve zihninizi rahatlatmak i\u00e7in \u00f6zel masajlar sunuyor. Unutulmaz bir deneyim ya\u015fay\u0131n!\",\"breadcrumb\":{\"@id\":\"https:\/\/luxspawellness.org\/?page_id=328#breadcrumb\"},\"inLanguage\":\"tr\",\"potentialAction\":[{\"@type\":\"ReadAction\",\"target\":[\"https:\/\/luxspawellness.org\/?page_id=328\"]}]},{\"@type\":\"ImageObject\",\"inLanguage\":\"tr\",\"@id\":\"https:\/\/luxspawellness.org\/?page_id=328#primaryimage\",\"url\":\"https:\/\/luxspawellness.net\/wp-content\/uploads\/2023\/07\/spor-masaji-1024x683.jpeg\",\"contentUrl\":\"https:\/\/luxspawellness.net\/wp-content\/uploads\/2023\/07\/spor-masaji-1024x683.jpeg\"},{\"@type\":\"BreadcrumbList\",\"@id\":\"https:\/\/luxspawellness.org\/?page_id=328#breadcrumb\",\"itemListElement\":[{\"@type\":\"ListItem\",\"position\":1,\"name\":\"Anasayfa\",\"item\":\"https:\/\/luxspawellness.org\/\"},{\"@type\":\"ListItem\",\"position\":2,\"name\":\"Spor Masaj\u0131\"}]},{\"@type\":\"WebSite\",\"@id\":\"https:\/\/luxspawellness.org\/#website\",\"url\":\"https:\/\/luxspawellness.org\/\",\"name\":\"Lux Hamam Spa &amp; Wellness\",\"description\":\"\",\"publisher\":{\"@id\":\"https:\/\/luxspawellness.org\/#organization\"},\"alternateName\":\"Lux Hamam Spa & Wellness\",\"potentialAction\":[{\"@type\":\"SearchAction\",\"target\":{\"@type\":\"EntryPoint\",\"urlTemplate\":\"https:\/\/luxspawellness.org\/?s={search_term_string}\"},\"query-input\":{\"@type\":\"PropertyValueSpecification\",\"valueRequired\":true,\"valueName\":\"search_term_string\"}}],\"inLanguage\":\"tr\"},{\"@type\":\"Organization\",\"@id\":\"https:\/\/luxspawellness.org\/#organization\",\"name\":\"Lux Hamam Spa &amp; Wellness\",\"url\":\"https:\/\/luxspawellness.org\/\",\"logo\":{\"@type\":\"ImageObject\",\"inLanguage\":\"tr\",\"@id\":\"https:\/\/luxspawellness.org\/#\/schema\/logo\/image\/\",\"url\":\"https:\/\/luxspawellness.org\/wp-content\/uploads\/2023\/07\/logosari.png\",\"contentUrl\":\"https:\/\/luxspawellness.org\/wp-content\/uploads\/2023\/07\/logosari.png\",\"width\":745,\"height\":305,\"caption\":\"Lux Hamam Spa &amp; Wellness\"},\"image\":{\"@id\":\"https:\/\/luxspawellness.org\/#\/schema\/logo\/image\/\"},\"sameAs\":[\"https:\/\/www.facebook.com\/luxspawellnes\/\",\"https:\/\/www.instagram.com\/luxspa.wellness\/\"]}]}<\/script>\n<!-- \/ Yoast SEO plugin. -->","yoast_head_json":{"title":"Spor Masaj\u0131 - Lux Hamam Spa &amp; Wellness","description":"Lux Hamam Spa & Wellness Merkezi'nde s\u0131cak bir kar\u015f\u0131lama ve huzur dolu atmosfer sizi bekliyor. Deneyimli ekibimiz, bedeninizi ve zihninizi rahatlatmak i\u00e7in \u00f6zel masajlar sunuyor. Unutulmaz bir deneyim ya\u015fay\u0131n!","robots":{"index":"index","follow":"follow","max-snippet":"max-snippet:-1","max-image-preview":"max-image-preview:large","max-video-preview":"max-video-preview:-1"},"canonical":"https:\/\/luxspawellness.org\/?page_id=328","og_locale":"tr_TR","og_type":"article","og_title":"Spor Masaj\u0131 - Lux Hamam Spa &amp; Wellness","og_description":"Lux Hamam Spa & Wellness Merkezi'nde s\u0131cak bir kar\u015f\u0131lama ve huzur dolu atmosfer sizi bekliyor. Deneyimli ekibimiz, bedeninizi ve zihninizi rahatlatmak i\u00e7in \u00f6zel masajlar sunuyor. Unutulmaz bir deneyim ya\u015fay\u0131n!","og_url":"https:\/\/luxspawellness.org\/?page_id=328","og_site_name":"Lux Hamam Spa &amp; Wellness","article_publisher":"https:\/\/www.facebook.com\/luxspawellnes\/","article_modified_time":"2023-07-25T18:23:41+00:00","og_image":[{"url":"https:\/\/luxspawellness.net\/wp-content\/uploads\/2023\/07\/spor-masaji-1024x683.jpeg","type":"","width":"","height":""}],"twitter_card":"summary_large_image","twitter_misc":{"Tahmini okuma s\u00fcresi":"3 dakika"},"schema":{"@context":"https:\/\/schema.org","@graph":[{"@type":"WebPage","@id":"https:\/\/luxspawellness.org\/?page_id=328","url":"https:\/\/luxspawellness.org\/?page_id=328","name":"Spor Masaj\u0131 - Lux Hamam Spa &amp; Wellness","isPartOf":{"@id":"https:\/\/luxspawellness.org\/#website"},"primaryImageOfPage":{"@id":"https:\/\/luxspawellness.org\/?page_id=328#primaryimage"},"image":{"@id":"https:\/\/luxspawellness.org\/?page_id=328#primaryimage"},"thumbnailUrl":"https:\/\/luxspawellness.net\/wp-content\/uploads\/2023\/07\/spor-masaji-1024x683.jpeg","datePublished":"2023-07-24T09:46:44+00:00","dateModified":"2023-07-25T18:23:41+00:00","description":"Lux Hamam Spa & Wellness Merkezi'nde s\u0131cak bir kar\u015f\u0131lama ve huzur dolu atmosfer sizi bekliyor. Deneyimli ekibimiz, bedeninizi ve zihninizi rahatlatmak i\u00e7in \u00f6zel masajlar sunuyor. Unutulmaz bir deneyim ya\u015fay\u0131n!","breadcrumb":{"@id":"https:\/\/luxspawellness.org\/?page_id=328#breadcrumb"},"inLanguage":"tr","potentialAction":[{"@type":"ReadAction","target":["https:\/\/luxspawellness.org\/?page_id=328"]}]},{"@type":"ImageObject","inLanguage":"tr","@id":"https:\/\/luxspawellness.org\/?page_id=328#primaryimage","url":"https:\/\/luxspawellness.net\/wp-content\/uploads\/2023\/07\/spor-masaji-1024x683.jpeg","contentUrl":"https:\/\/luxspawellness.net\/wp-content\/uploads\/2023\/07\/spor-masaji-1024x683.jpeg"},{"@type":"BreadcrumbList","@id":"https:\/\/luxspawellness.org\/?page_id=328#breadcrumb","itemListElement":[{"@type":"ListItem","position":1,"name":"Anasayfa","item":"https:\/\/luxspawellness.org\/"},{"@type":"ListItem","position":2,"name":"Spor Masaj\u0131"}]},{"@type":"WebSite","@id":"https:\/\/luxspawellness.org\/#website","url":"https:\/\/luxspawellness.org\/","name":"Lux Hamam Spa &amp; Wellness","description":"","publisher":{"@id":"https:\/\/luxspawellness.org\/#organization"},"alternateName":"Lux Hamam Spa & Wellness","potentialAction":[{"@type":"SearchAction","target":{"@type":"EntryPoint","urlTemplate":"https:\/\/luxspawellness.org\/?s={search_term_string}"},"query-input":{"@type":"PropertyValueSpecification","valueRequired":true,"valueName":"search_term_string"}}],"inLanguage":"tr"},{"@type":"Organization","@id":"https:\/\/luxspawellness.org\/#organization","name":"Lux Hamam Spa &amp; Wellness","url":"https:\/\/luxspawellness.org\/","logo":{"@type":"ImageObject","inLanguage":"tr","@id":"https:\/\/luxspawellness.org\/#\/schema\/logo\/image\/","url":"https:\/\/luxspawellness.org\/wp-content\/uploads\/2023\/07\/logosari.png","contentUrl":"https:\/\/luxspawellness.org\/wp-content\/uploads\/2023\/07\/logosari.png","width":745,"height":305,"caption":"Lux Hamam Spa &amp; Wellness"},"image":{"@id":"https:\/\/luxspawellness.org\/#\/schema\/logo\/image\/"},"sameAs":["https:\/\/www.facebook.com\/luxspawellnes\/","https:\/\/www.instagram.com\/luxspa.wellness\/"]}]}},"_links":{"self":[{"href":"https:\/\/luxspawellness.org\/index.php?rest_route=\/wp\/v2\/pages\/328","targetHints":{"allow":["GET"]}}],"collection":[{"href":"https:\/\/luxspawellness.org\/index.php?rest_route=\/wp\/v2\/pages"}],"about":[{"href":"https:\/\/luxspawellness.org\/index.php?rest_route=\/wp\/v2\/types\/page"}],"author":[{"embeddable":true,"href":"https:\/\/luxspawellness.org\/index.php?rest_route=\/wp\/v2\/users\/1"}],"replies":[{"embeddable":true,"href":"https:\/\/luxspawellness.org\/index.php?rest_route=%2Fwp%2Fv2%2Fcomments&post=328"}],"version-history":[{"count":4,"href":"https:\/\/luxspawellness.org\/index.php?rest_route=\/wp\/v2\/pages\/328\/revisions"}],"predecessor-version":[{"id":488,"href":"https:\/\/luxspawellness.org\/index.php?rest_route=\/wp\/v2\/pages\/328\/revisions\/488"}],"wp:attachment":[{"href":"https:\/\/luxspawellness.org\/index.php?rest_route=%2Fwp%2Fv2%2Fmedia&parent=328"}],"curies":[{"name":"wp","href":"https:\/\/api.w.org\/{rel}","templated":true}]}}