{"id":316,"date":"2023-07-24T09:46:11","date_gmt":"2023-07-24T09:46:11","guid":{"rendered":"https:\/\/luxspawellness.net\/?page_id=316"},"modified":"2023-07-25T18:24:18","modified_gmt":"2023-07-25T18:24:18","slug":"derin-doku-masaji","status":"publish","type":"page","link":"https:\/\/luxspawellness.org\/?page_id=316","title":{"rendered":"Derin Doku Masaj\u0131"},"content":{"rendered":"\n<h1 class=\"wp-block-heading\">Derin Doku Masaj\u0131 teknik \u00f6zellikleri ve faydalar\u0131<\/h1>\n\n\n<div class=\"wp-block-image\">\n<figure class=\"alignleft size-full is-resized\"><img fetchpriority=\"high\" decoding=\"async\" src=\"https:\/\/luxspawellness.net\/wp-content\/uploads\/2023\/07\/derin-doku.jpg\" alt=\"\" class=\"wp-image-489\" width=\"540\" height=\"360\" srcset=\"https:\/\/luxspawellness.org\/wp-content\/uploads\/2023\/07\/derin-doku.jpg 612w, https:\/\/luxspawellness.org\/wp-content\/uploads\/2023\/07\/derin-doku-300x200.jpg 300w\" sizes=\"(max-width: 540px) 100vw, 540px\" \/><\/figure>\n<\/div>\n\n\n<h2 class=\"wp-block-heading\">Derin doku masaj\u0131 nedir ?<\/h2>\n\n\n\n<p>Derin doku masaj\u0131, kas dokular\u0131na derinlemesine n\u00fcfuz ederek kas gerginliklerini ve a\u011fr\u0131lar\u0131 hafifleten etkili bir masaj t\u00fcr\u00fcd\u00fcr. Bu terap\u00f6tik masaj y\u00f6ntemi, yo\u011fun ve g\u00fc\u00e7l\u00fc bask\u0131larla, masaj terapisti taraf\u0131ndan problemli b\u00f6lgelere odaklan\u0131larak uygulan\u0131r.<\/p>\n\n\n\n<h2 class=\"wp-block-heading\">Teknik \u00f6zellikler<\/h2>\n\n\n\n<h3 class=\"wp-block-heading\">Uzman Mas\u00f6rler ve Derinlik ayarlamas\u0131<\/h3>\n\n\n\n<p>Derin doku masaj\u0131, deneyimli ve uzman mas\u00f6rler taraf\u0131ndan yap\u0131lmal\u0131d\u0131r. Masaj terapistleri, m\u00fc\u015fterinin ihtiya\u00e7lar\u0131na g\u00f6re farkl\u0131 yo\u011funlukta bask\u0131 uygulayarak masaj\u0131n derinli\u011fini ve etkisini ayarlayabilirler.<\/p>\n\n\n\n<h3 class=\"wp-block-heading\">Masaj teknikleri ve Bask\u0131 noktalar\u0131<\/h3>\n\n\n\n<p>Bu masaj t\u00fcr\u00fcnde, masaj terapisti genellikle dirsekleri, avu\u00e7 i\u00e7lerini ve parmaklar\u0131 kullanarak yo\u011fun bask\u0131lar yapar. Masaj\u0131n odakland\u0131\u011f\u0131 noktalar genellikle kaslar\u0131n alt\u0131ndaki ba\u011f dokular\u0131 ve tendonlar olup, bu b\u00f6lgelere yo\u011funla\u015farak kaslardaki gerginlikleri ve a\u011fr\u0131lar\u0131 hafifletmeye \u00e7al\u0131\u015f\u0131r.<\/p>\n\n\n\n<h3 class=\"wp-block-heading\">Is\u0131tma ve rahatlama <\/h3>\n\n\n\n<p>Derin doku masaj\u0131 genellikle \u00f6ncesinde b\u00f6lgeyi \u0131s\u0131tmak i\u00e7in farkl\u0131 teknikler kullan\u0131labilir. Bu \u0131s\u0131nma, kaslar\u0131 gev\u015fetmeye ve masaj\u0131n daha etkili olmas\u0131n\u0131 sa\u011flamaya yard\u0131mc\u0131 olur. Masaj s\u0131ras\u0131nda, terapistin uygulad\u0131\u011f\u0131 yo\u011fun bask\u0131lar, kaslardaki gerginli\u011fi azalt\u0131r ve rahatlama sa\u011flar.<\/p>\n\n\n\n<h2 class=\"wp-block-heading\">Faydalar\u0131<\/h2>\n\n\n\n<h3 class=\"wp-block-heading\">Kas Gerginliklerini giderme ve A\u011fr\u0131lar\u0131 hafifletme <\/h3>\n\n\n\n<p>Derin doku masaj\u0131, kaslardaki gerginlikleri ve a\u011fr\u0131lar\u0131 hafifletmek i\u00e7in etkili bir y\u00f6ntemdir. Yo\u011fun bask\u0131lar, kas dokular\u0131na n\u00fcfuz ederek kaslar\u0131n rahatlamas\u0131n\u0131 sa\u011flar.<\/p>\n\n\n\n<h3 class=\"wp-block-heading\">Hareket aral\u0131\u011f\u0131n\u0131 artt\u0131rma <\/h3>\n\n\n\n<p>Masaj, kas ve eklemlerin hareket aral\u0131\u011f\u0131n\u0131 art\u0131rmaya yard\u0131mc\u0131 olur. Bu sayede, sporcular ve fiziksel aktivite yapan ki\u015filer i\u00e7in performans\u0131 art\u0131rmak ve sakatlanma riskini azaltmak \u00f6nemli bir avantajd\u0131r.<\/p>\n\n\n\n<h3 class=\"wp-block-heading\">Dola\u015f\u0131m\u0131 \u0130yile\u015ftirme <\/h3>\n\n\n\n<p>Derin doku masaj\u0131, kan dola\u015f\u0131m\u0131n\u0131 art\u0131rarak v\u00fccudun oksijen ve besin maddeleri ile daha iyi beslenmesine yard\u0131mc\u0131 olur. Bu, v\u00fccudun iyile\u015fme s\u00fcre\u00e7lerini destekler.<\/p>\n\n\n\n<h3 class=\"wp-block-heading\">Stres ve Anksiyeteyi azaltma <\/h3>\n\n\n\n<p>Derin doku masaj\u0131, v\u00fccuttaki stres hormonlar\u0131n\u0131n azalt\u0131lmas\u0131na ve zihnin sakinle\u015ftirilmesine katk\u0131 sa\u011flar. Rahatlama ve gev\u015feme hissi, duygusal dengeyi destekler.<\/p>\n\n\n\n<h2 class=\"wp-block-heading\">Sonu\u00e7 olarak <\/h2>\n\n\n\n<p>Derin doku masaj\u0131, kaslardaki gerginlikleri giderme, hareket aral\u0131\u011f\u0131n\u0131 art\u0131rma ve stresi azaltma gibi bir\u00e7ok faydas\u0131 olan etkili bir masaj t\u00fcr\u00fcd\u00fcr. Uzman mas\u00f6rler taraf\u0131ndan uygulanan bu masaj, m\u00fc\u015fterinin ihtiya\u00e7lar\u0131na g\u00f6re \u00f6zelle\u015ftirilebilir ve rahatlama, rahatlama ve v\u00fccut sa\u011fl\u0131\u011f\u0131n\u0131n iyile\u015ftirilmesi i\u00e7in harika bir se\u00e7enektir.<\/p>\n\n\n\n<hr class=\"wp-block-separator has-alpha-channel-opacity\"\/>\n\n\n\n<p><strong>Unutulmaz bir deneyim i\u00e7in Lux Hamam Spa &amp; Wellness merkezimize hepinizi bekliyoruz. Size en kaliteli hizmeti sunabilmek i\u00e7in buraday\u0131z ve t\u00fcm ekibimizle sizleri a\u011f\u0131rlamaktan mutluluk duyaca\u011f\u0131z.<\/strong><\/p>\n\n\n\n<p>Bizleri <a href=\"https:\/\/www.instagram.com\/luxspa.wellness\/\" target=\"_blank\" rel=\"noreferrer noopener\">\u0130nsatgarm<\/a> ve <a href=\"https:\/\/www.facebook.com\/luxspawellnes\/\" target=\"_blank\" rel=\"noreferrer noopener\">Facebook <\/a>\u00fczerinden takip etmeyi unutmay\u0131n <\/p>\n\n\n\n<div class=\"wp-block-group alignfull has-text-color has-background\" style=\"color:#000000;background-color:#ffffff\"><div class=\"wp-block-group__inner-container is-layout-flow wp-block-group-is-layout-flow\">\n<div style=\"height:64px\" aria-hidden=\"true\" class=\"wp-block-spacer\"><\/div>\n\n\n\n<p class=\"has-text-align-center has-small-font-size\" style=\"line-height:.9\"><strong>Rezervasyon ve daha detayl\u0131 bilgiler i\u00e7in<\/strong><\/p>\n\n\n\n<div class=\"wp-block-buttons is-horizontal is-content-justification-center is-layout-flex wp-container-core-buttons-is-layout-499968f5 wp-block-buttons-is-layout-flex\">\n<div class=\"wp-block-button has-custom-width wp-block-button__width-50\"><a class=\"wp-block-button__link has-text-color has-background wp-element-button\" href=\"https:\/\/wa.me\/905545398168\" style=\"border-radius:50px;color:#ffffff;background-color:#000000\" target=\"_blank\" rel=\"noreferrer noopener\">Bize ula\u015f\u0131n<\/a><\/div>\n<\/div>\n\n\n\n<div style=\"height:64px\" aria-hidden=\"true\" class=\"wp-block-spacer\"><\/div>\n<\/div><\/div>\n","protected":false},"excerpt":{"rendered":"<p>Derin Doku Masaj\u0131 teknik \u00f6zellikleri ve faydalar\u0131 Derin doku masaj\u0131 nedir ? Derin doku masaj\u0131, kas dokular\u0131na derinlemesine n\u00fcfuz ederek kas gerginliklerini ve a\u011fr\u0131lar\u0131 hafifleten etkili bir masaj t\u00fcr\u00fcd\u00fcr. Bu terap\u00f6tik masaj y\u00f6ntemi, yo\u011fun ve g\u00fc\u00e7l\u00fc bask\u0131larla, masaj terapisti taraf\u0131ndan problemli b\u00f6lgelere odaklan\u0131larak uygulan\u0131r. Teknik \u00f6zellikler Uzman Mas\u00f6rler ve Derinlik ayarlamas\u0131 Derin doku masaj\u0131, deneyimli [&hellip;]<\/p>\n","protected":false},"author":1,"featured_media":0,"parent":0,"menu_order":0,"comment_status":"closed","ping_status":"closed","template":"","meta":{"_monsterinsights_skip_tracking":false,"_monsterinsights_sitenote_active":false,"_monsterinsights_sitenote_note":"","_monsterinsights_sitenote_category":0,"footnotes":""},"class_list":["post-316","page","type-page","status-publish","hentry"],"yoast_head":"<!-- This site is optimized with the Yoast SEO plugin v24.6 - https:\/\/yoast.com\/wordpress\/plugins\/seo\/ -->\n<title>Derin Doku Masaj\u0131 - Lux Hamam Spa &amp; Wellness<\/title>\n<meta name=\"description\" content=\"Derin doku masaj\u0131, kas gerginliklerini ve a\u011fr\u0131lar\u0131 hafifletmek, hareket aral\u0131\u011f\u0131n\u0131 art\u0131rmak, dola\u015f\u0131m\u0131 iyile\u015ftirmek ve stresi azaltmak i\u00e7in uzman mas\u00f6rler taraf\u0131ndan yap\u0131lan etkili bir masaj t\u00fcr\u00fcd\u00fcr. Yo\u011fun bask\u0131lar ve \u00f6zel tekniklerle uygulanan bu masaj, kaslardaki gerilimi azaltarak rahatlama ve gev\u015feme sa\u011flar. V\u00fccut sa\u011fl\u0131\u011f\u0131n\u0131 iyile\u015ftiren ve zihni sakinle\u015ftiren derin doku masaj\u0131, uzman mas\u00f6rler taraf\u0131ndan \u00f6zenle uygulan\u0131r ve kaslar\u0131n ve zihnin sa\u011fl\u0131\u011f\u0131na katk\u0131da bulunur.\" \/>\n<meta name=\"robots\" content=\"index, follow, max-snippet:-1, max-image-preview:large, max-video-preview:-1\" \/>\n<link rel=\"canonical\" href=\"https:\/\/luxspawellness.org\/?page_id=316\" \/>\n<meta property=\"og:locale\" content=\"tr_TR\" \/>\n<meta property=\"og:type\" content=\"article\" \/>\n<meta property=\"og:title\" content=\"Derin Doku Masaj\u0131 - Lux Hamam Spa &amp; Wellness\" \/>\n<meta property=\"og:description\" content=\"Derin doku masaj\u0131, kas gerginliklerini ve a\u011fr\u0131lar\u0131 hafifletmek, hareket aral\u0131\u011f\u0131n\u0131 art\u0131rmak, dola\u015f\u0131m\u0131 iyile\u015ftirmek ve stresi azaltmak i\u00e7in uzman mas\u00f6rler taraf\u0131ndan yap\u0131lan etkili bir masaj t\u00fcr\u00fcd\u00fcr. Yo\u011fun bask\u0131lar ve \u00f6zel tekniklerle uygulanan bu masaj, kaslardaki gerilimi azaltarak rahatlama ve gev\u015feme sa\u011flar. V\u00fccut sa\u011fl\u0131\u011f\u0131n\u0131 iyile\u015ftiren ve zihni sakinle\u015ftiren derin doku masaj\u0131, uzman mas\u00f6rler taraf\u0131ndan \u00f6zenle uygulan\u0131r ve kaslar\u0131n ve zihnin sa\u011fl\u0131\u011f\u0131na katk\u0131da bulunur.\" \/>\n<meta property=\"og:url\" content=\"https:\/\/luxspawellness.org\/?page_id=316\" \/>\n<meta property=\"og:site_name\" content=\"Lux Hamam Spa &amp; Wellness\" \/>\n<meta property=\"article:publisher\" content=\"https:\/\/www.facebook.com\/luxspawellnes\/\" \/>\n<meta property=\"article:modified_time\" content=\"2023-07-25T18:24:18+00:00\" \/>\n<meta property=\"og:image\" content=\"https:\/\/luxspawellness.net\/wp-content\/uploads\/2023\/07\/derin-doku.jpg\" \/>\n<meta name=\"twitter:card\" content=\"summary_large_image\" \/>\n<meta name=\"twitter:label1\" content=\"Tahmini okuma s\u00fcresi\" \/>\n\t<meta name=\"twitter:data1\" content=\"3 dakika\" \/>\n<script type=\"application\/ld+json\" class=\"yoast-schema-graph\">{\"@context\":\"https:\/\/schema.org\",\"@graph\":[{\"@type\":\"WebPage\",\"@id\":\"https:\/\/luxspawellness.org\/?page_id=316\",\"url\":\"https:\/\/luxspawellness.org\/?page_id=316\",\"name\":\"Derin Doku Masaj\u0131 - Lux Hamam Spa &amp; Wellness\",\"isPartOf\":{\"@id\":\"https:\/\/luxspawellness.org\/#website\"},\"primaryImageOfPage\":{\"@id\":\"https:\/\/luxspawellness.org\/?page_id=316#primaryimage\"},\"image\":{\"@id\":\"https:\/\/luxspawellness.org\/?page_id=316#primaryimage\"},\"thumbnailUrl\":\"https:\/\/luxspawellness.net\/wp-content\/uploads\/2023\/07\/derin-doku.jpg\",\"datePublished\":\"2023-07-24T09:46:11+00:00\",\"dateModified\":\"2023-07-25T18:24:18+00:00\",\"description\":\"Derin doku masaj\u0131, kas gerginliklerini ve a\u011fr\u0131lar\u0131 hafifletmek, hareket aral\u0131\u011f\u0131n\u0131 art\u0131rmak, dola\u015f\u0131m\u0131 iyile\u015ftirmek ve stresi azaltmak i\u00e7in uzman mas\u00f6rler taraf\u0131ndan yap\u0131lan etkili bir masaj t\u00fcr\u00fcd\u00fcr. Yo\u011fun bask\u0131lar ve \u00f6zel tekniklerle uygulanan bu masaj, kaslardaki gerilimi azaltarak rahatlama ve gev\u015feme sa\u011flar. V\u00fccut sa\u011fl\u0131\u011f\u0131n\u0131 iyile\u015ftiren ve zihni sakinle\u015ftiren derin doku masaj\u0131, uzman mas\u00f6rler taraf\u0131ndan \u00f6zenle uygulan\u0131r ve kaslar\u0131n ve zihnin sa\u011fl\u0131\u011f\u0131na katk\u0131da bulunur.\",\"breadcrumb\":{\"@id\":\"https:\/\/luxspawellness.org\/?page_id=316#breadcrumb\"},\"inLanguage\":\"tr\",\"potentialAction\":[{\"@type\":\"ReadAction\",\"target\":[\"https:\/\/luxspawellness.org\/?page_id=316\"]}]},{\"@type\":\"ImageObject\",\"inLanguage\":\"tr\",\"@id\":\"https:\/\/luxspawellness.org\/?page_id=316#primaryimage\",\"url\":\"https:\/\/luxspawellness.net\/wp-content\/uploads\/2023\/07\/derin-doku.jpg\",\"contentUrl\":\"https:\/\/luxspawellness.net\/wp-content\/uploads\/2023\/07\/derin-doku.jpg\"},{\"@type\":\"BreadcrumbList\",\"@id\":\"https:\/\/luxspawellness.org\/?page_id=316#breadcrumb\",\"itemListElement\":[{\"@type\":\"ListItem\",\"position\":1,\"name\":\"Anasayfa\",\"item\":\"https:\/\/luxspawellness.org\/\"},{\"@type\":\"ListItem\",\"position\":2,\"name\":\"Derin Doku Masaj\u0131\"}]},{\"@type\":\"WebSite\",\"@id\":\"https:\/\/luxspawellness.org\/#website\",\"url\":\"https:\/\/luxspawellness.org\/\",\"name\":\"Lux Hamam Spa &amp; Wellness\",\"description\":\"\",\"publisher\":{\"@id\":\"https:\/\/luxspawellness.org\/#organization\"},\"alternateName\":\"Lux Hamam Spa & Wellness\",\"potentialAction\":[{\"@type\":\"SearchAction\",\"target\":{\"@type\":\"EntryPoint\",\"urlTemplate\":\"https:\/\/luxspawellness.org\/?s={search_term_string}\"},\"query-input\":{\"@type\":\"PropertyValueSpecification\",\"valueRequired\":true,\"valueName\":\"search_term_string\"}}],\"inLanguage\":\"tr\"},{\"@type\":\"Organization\",\"@id\":\"https:\/\/luxspawellness.org\/#organization\",\"name\":\"Lux Hamam Spa &amp; Wellness\",\"url\":\"https:\/\/luxspawellness.org\/\",\"logo\":{\"@type\":\"ImageObject\",\"inLanguage\":\"tr\",\"@id\":\"https:\/\/luxspawellness.org\/#\/schema\/logo\/image\/\",\"url\":\"https:\/\/luxspawellness.org\/wp-content\/uploads\/2023\/07\/logosari.png\",\"contentUrl\":\"https:\/\/luxspawellness.org\/wp-content\/uploads\/2023\/07\/logosari.png\",\"width\":745,\"height\":305,\"caption\":\"Lux Hamam Spa &amp; Wellness\"},\"image\":{\"@id\":\"https:\/\/luxspawellness.org\/#\/schema\/logo\/image\/\"},\"sameAs\":[\"https:\/\/www.facebook.com\/luxspawellnes\/\",\"https:\/\/www.instagram.com\/luxspa.wellness\/\"]}]}<\/script>\n<!-- \/ Yoast SEO plugin. -->","yoast_head_json":{"title":"Derin Doku Masaj\u0131 - Lux Hamam Spa &amp; Wellness","description":"Derin doku masaj\u0131, kas gerginliklerini ve a\u011fr\u0131lar\u0131 hafifletmek, hareket aral\u0131\u011f\u0131n\u0131 art\u0131rmak, dola\u015f\u0131m\u0131 iyile\u015ftirmek ve stresi azaltmak i\u00e7in uzman mas\u00f6rler taraf\u0131ndan yap\u0131lan etkili bir masaj t\u00fcr\u00fcd\u00fcr. Yo\u011fun bask\u0131lar ve \u00f6zel tekniklerle uygulanan bu masaj, kaslardaki gerilimi azaltarak rahatlama ve gev\u015feme sa\u011flar. V\u00fccut sa\u011fl\u0131\u011f\u0131n\u0131 iyile\u015ftiren ve zihni sakinle\u015ftiren derin doku masaj\u0131, uzman mas\u00f6rler taraf\u0131ndan \u00f6zenle uygulan\u0131r ve kaslar\u0131n ve zihnin sa\u011fl\u0131\u011f\u0131na katk\u0131da bulunur.","robots":{"index":"index","follow":"follow","max-snippet":"max-snippet:-1","max-image-preview":"max-image-preview:large","max-video-preview":"max-video-preview:-1"},"canonical":"https:\/\/luxspawellness.org\/?page_id=316","og_locale":"tr_TR","og_type":"article","og_title":"Derin Doku Masaj\u0131 - Lux Hamam Spa &amp; Wellness","og_description":"Derin doku masaj\u0131, kas gerginliklerini ve a\u011fr\u0131lar\u0131 hafifletmek, hareket aral\u0131\u011f\u0131n\u0131 art\u0131rmak, dola\u015f\u0131m\u0131 iyile\u015ftirmek ve stresi azaltmak i\u00e7in uzman mas\u00f6rler taraf\u0131ndan yap\u0131lan etkili bir masaj t\u00fcr\u00fcd\u00fcr. Yo\u011fun bask\u0131lar ve \u00f6zel tekniklerle uygulanan bu masaj, kaslardaki gerilimi azaltarak rahatlama ve gev\u015feme sa\u011flar. V\u00fccut sa\u011fl\u0131\u011f\u0131n\u0131 iyile\u015ftiren ve zihni sakinle\u015ftiren derin doku masaj\u0131, uzman mas\u00f6rler taraf\u0131ndan \u00f6zenle uygulan\u0131r ve kaslar\u0131n ve zihnin sa\u011fl\u0131\u011f\u0131na katk\u0131da bulunur.","og_url":"https:\/\/luxspawellness.org\/?page_id=316","og_site_name":"Lux Hamam Spa &amp; Wellness","article_publisher":"https:\/\/www.facebook.com\/luxspawellnes\/","article_modified_time":"2023-07-25T18:24:18+00:00","og_image":[{"url":"https:\/\/luxspawellness.net\/wp-content\/uploads\/2023\/07\/derin-doku.jpg","type":"","width":"","height":""}],"twitter_card":"summary_large_image","twitter_misc":{"Tahmini okuma s\u00fcresi":"3 dakika"},"schema":{"@context":"https:\/\/schema.org","@graph":[{"@type":"WebPage","@id":"https:\/\/luxspawellness.org\/?page_id=316","url":"https:\/\/luxspawellness.org\/?page_id=316","name":"Derin Doku Masaj\u0131 - Lux Hamam Spa &amp; Wellness","isPartOf":{"@id":"https:\/\/luxspawellness.org\/#website"},"primaryImageOfPage":{"@id":"https:\/\/luxspawellness.org\/?page_id=316#primaryimage"},"image":{"@id":"https:\/\/luxspawellness.org\/?page_id=316#primaryimage"},"thumbnailUrl":"https:\/\/luxspawellness.net\/wp-content\/uploads\/2023\/07\/derin-doku.jpg","datePublished":"2023-07-24T09:46:11+00:00","dateModified":"2023-07-25T18:24:18+00:00","description":"Derin doku masaj\u0131, kas gerginliklerini ve a\u011fr\u0131lar\u0131 hafifletmek, hareket aral\u0131\u011f\u0131n\u0131 art\u0131rmak, dola\u015f\u0131m\u0131 iyile\u015ftirmek ve stresi azaltmak i\u00e7in uzman mas\u00f6rler taraf\u0131ndan yap\u0131lan etkili bir masaj t\u00fcr\u00fcd\u00fcr. Yo\u011fun bask\u0131lar ve \u00f6zel tekniklerle uygulanan bu masaj, kaslardaki gerilimi azaltarak rahatlama ve gev\u015feme sa\u011flar. V\u00fccut sa\u011fl\u0131\u011f\u0131n\u0131 iyile\u015ftiren ve zihni sakinle\u015ftiren derin doku masaj\u0131, uzman mas\u00f6rler taraf\u0131ndan \u00f6zenle uygulan\u0131r ve kaslar\u0131n ve zihnin sa\u011fl\u0131\u011f\u0131na katk\u0131da bulunur.","breadcrumb":{"@id":"https:\/\/luxspawellness.org\/?page_id=316#breadcrumb"},"inLanguage":"tr","potentialAction":[{"@type":"ReadAction","target":["https:\/\/luxspawellness.org\/?page_id=316"]}]},{"@type":"ImageObject","inLanguage":"tr","@id":"https:\/\/luxspawellness.org\/?page_id=316#primaryimage","url":"https:\/\/luxspawellness.net\/wp-content\/uploads\/2023\/07\/derin-doku.jpg","contentUrl":"https:\/\/luxspawellness.net\/wp-content\/uploads\/2023\/07\/derin-doku.jpg"},{"@type":"BreadcrumbList","@id":"https:\/\/luxspawellness.org\/?page_id=316#breadcrumb","itemListElement":[{"@type":"ListItem","position":1,"name":"Anasayfa","item":"https:\/\/luxspawellness.org\/"},{"@type":"ListItem","position":2,"name":"Derin Doku Masaj\u0131"}]},{"@type":"WebSite","@id":"https:\/\/luxspawellness.org\/#website","url":"https:\/\/luxspawellness.org\/","name":"Lux Hamam Spa &amp; Wellness","description":"","publisher":{"@id":"https:\/\/luxspawellness.org\/#organization"},"alternateName":"Lux Hamam Spa & Wellness","potentialAction":[{"@type":"SearchAction","target":{"@type":"EntryPoint","urlTemplate":"https:\/\/luxspawellness.org\/?s={search_term_string}"},"query-input":{"@type":"PropertyValueSpecification","valueRequired":true,"valueName":"search_term_string"}}],"inLanguage":"tr"},{"@type":"Organization","@id":"https:\/\/luxspawellness.org\/#organization","name":"Lux Hamam Spa &amp; Wellness","url":"https:\/\/luxspawellness.org\/","logo":{"@type":"ImageObject","inLanguage":"tr","@id":"https:\/\/luxspawellness.org\/#\/schema\/logo\/image\/","url":"https:\/\/luxspawellness.org\/wp-content\/uploads\/2023\/07\/logosari.png","contentUrl":"https:\/\/luxspawellness.org\/wp-content\/uploads\/2023\/07\/logosari.png","width":745,"height":305,"caption":"Lux Hamam Spa &amp; Wellness"},"image":{"@id":"https:\/\/luxspawellness.org\/#\/schema\/logo\/image\/"},"sameAs":["https:\/\/www.facebook.com\/luxspawellnes\/","https:\/\/www.instagram.com\/luxspa.wellness\/"]}]}},"_links":{"self":[{"href":"https:\/\/luxspawellness.org\/index.php?rest_route=\/wp\/v2\/pages\/316","targetHints":{"allow":["GET"]}}],"collection":[{"href":"https:\/\/luxspawellness.org\/index.php?rest_route=\/wp\/v2\/pages"}],"about":[{"href":"https:\/\/luxspawellness.org\/index.php?rest_route=\/wp\/v2\/types\/page"}],"author":[{"embeddable":true,"href":"https:\/\/luxspawellness.org\/index.php?rest_route=\/wp\/v2\/users\/1"}],"replies":[{"embeddable":true,"href":"https:\/\/luxspawellness.org\/index.php?rest_route=%2Fwp%2Fv2%2Fcomments&post=316"}],"version-history":[{"count":3,"href":"https:\/\/luxspawellness.org\/index.php?rest_route=\/wp\/v2\/pages\/316\/revisions"}],"predecessor-version":[{"id":490,"href":"https:\/\/luxspawellness.org\/index.php?rest_route=\/wp\/v2\/pages\/316\/revisions\/490"}],"wp:attachment":[{"href":"https:\/\/luxspawellness.org\/index.php?rest_route=%2Fwp%2Fv2%2Fmedia&parent=316"}],"curies":[{"name":"wp","href":"https:\/\/api.w.org\/{rel}","templated":true}]}}